{"id":72210,"date":"2021-07-12T22:36:11","date_gmt":"2021-07-12T20:36:26","guid":{"rendered":"https:\/\/www.laperlavalles2.bcntic.com\/product\/vaseline-200gr-2\/"},"modified":"2025-07-03T10:43:41","modified_gmt":"2025-07-03T08:43:41","slug":"vaseline-200gr-2","status":"publish","type":"product","link":"https:\/\/www.laperlavalles.cat\/fr\/produit\/vaseline-200gr-2\/","title":{"rendered":"VASELINE 200GR"},"content":{"rendered":"<p>Vaseline pure 250g, compos\u00e9e \u00e0 100 % de gel\u00e9e de p\u00e9trole triple purifi\u00e9e. Hypoallerg\u00e9nique et non com\u00e9dog\u00e8ne, id\u00e9ale pour prot\u00e9ger, hydrater et r\u00e9parer la peau s\u00e8che, gerc\u00e9e ou irrit\u00e9e. Aide \u00e0 soigner les petites blessures, br\u00fblures, ger\u00e7ures, l\u00e8vres s\u00e8ches, mains rugueuses, irritations et zones expos\u00e9es au froid ou aux frottements. Cr\u00e9e une barri\u00e8re qui retient l\u2019humidit\u00e9 et favorise la r\u00e9g\u00e9n\u00e9ration de la peau. Convient \u00e0 tous types de peaux, y compris celles des b\u00e9b\u00e9s<\/p>\n","protected":false},"excerpt":{"rendered":"<p>Vaseline pure 250g, compos\u00e9e \u00e0 100 % de gel\u00e9e de p\u00e9trole triple purifi\u00e9e. Hypoallerg\u00e9nique et non com\u00e9dog\u00e8ne, id\u00e9ale pour prot\u00e9ger, hydrater et r\u00e9parer la peau s\u00e8che,<span class=\"excerpt-hellip\"> [\u2026]<\/span><\/p>\n","protected":false},"featured_media":169783,"comment_status":"open","ping_status":"closed","template":"","meta":[],"product_cat":[8461,8597],"product_tag":[],"_links":{"self":[{"href":"https:\/\/www.laperlavalles.cat\/fr\/wp-json\/wp\/v2\/product\/72210"}],"collection":[{"href":"https:\/\/www.laperlavalles.cat\/fr\/wp-json\/wp\/v2\/product"}],"about":[{"href":"https:\/\/www.laperlavalles.cat\/fr\/wp-json\/wp\/v2\/types\/product"}],"replies":[{"embeddable":true,"href":"https:\/\/www.laperlavalles.cat\/fr\/wp-json\/wp\/v2\/comments?post=72210"}],"wp:featuredmedia":[{"embeddable":true,"href":"https:\/\/www.laperlavalles.cat\/fr\/wp-json\/wp\/v2\/media\/169783"}],"wp:attachment":[{"href":"https:\/\/www.laperlavalles.cat\/fr\/wp-json\/wp\/v2\/media?parent=72210"}],"wp:term":[{"taxonomy":"product_cat","embeddable":true,"href":"https:\/\/www.laperlavalles.cat\/fr\/wp-json\/wp\/v2\/product_cat?post=72210"},{"taxonomy":"product_tag","embeddable":true,"href":"https:\/\/www.laperlavalles.cat\/fr\/wp-json\/wp\/v2\/product_tag?post=72210"}],"curies":[{"name":"wp","href":"https:\/\/api.w.org\/{rel}","templated":true}]}}