{"id":72290,"date":"2021-07-12T22:37:43","date_gmt":"2021-07-12T20:37:57","guid":{"rendered":"https:\/\/www.laperlavalles2.bcntic.com\/product\/a3-lemon-face-cream-25ml-2\/"},"modified":"2024-10-03T18:00:55","modified_gmt":"2024-10-03T16:00:55","slug":"a3-lemon-face-cream-25ml-2","status":"publish","type":"product","link":"https:\/\/www.laperlavalles.cat\/fr\/produit\/a3-lemon-face-cream-25ml-2\/","title":{"rendered":"A3 LEMON FACE CREAM 25ML"},"content":{"rendered":"<p>Cr\u00e8me hydratante \u00e9claircissante pour le visage. La cr\u00e8me visage au citron A3 est un hydratant qui am\u00e9liore le tonus, l&rsquo;apparence et la luminosit\u00e9 de la peau du visage.<\/p>\n","protected":false},"excerpt":{"rendered":"<p>Cr\u00e8me hydratante \u00e9claircissante pour le visage. La cr\u00e8me visage au citron A3 est un hydratant qui am\u00e9liore le tonus, l&rsquo;apparence et la luminosit\u00e9 de la peau<span class=\"excerpt-hellip\"> [\u2026]<\/span><\/p>\n","protected":false},"featured_media":169847,"comment_status":"open","ping_status":"closed","template":"","meta":[],"product_cat":[10616],"product_tag":[],"_links":{"self":[{"href":"https:\/\/www.laperlavalles.cat\/fr\/wp-json\/wp\/v2\/product\/72290"}],"collection":[{"href":"https:\/\/www.laperlavalles.cat\/fr\/wp-json\/wp\/v2\/product"}],"about":[{"href":"https:\/\/www.laperlavalles.cat\/fr\/wp-json\/wp\/v2\/types\/product"}],"replies":[{"embeddable":true,"href":"https:\/\/www.laperlavalles.cat\/fr\/wp-json\/wp\/v2\/comments?post=72290"}],"wp:featuredmedia":[{"embeddable":true,"href":"https:\/\/www.laperlavalles.cat\/fr\/wp-json\/wp\/v2\/media\/169847"}],"wp:attachment":[{"href":"https:\/\/www.laperlavalles.cat\/fr\/wp-json\/wp\/v2\/media?parent=72290"}],"wp:term":[{"taxonomy":"product_cat","embeddable":true,"href":"https:\/\/www.laperlavalles.cat\/fr\/wp-json\/wp\/v2\/product_cat?post=72290"},{"taxonomy":"product_tag","embeddable":true,"href":"https:\/\/www.laperlavalles.cat\/fr\/wp-json\/wp\/v2\/product_tag?post=72290"}],"curies":[{"name":"wp","href":"https:\/\/api.w.org\/{rel}","templated":true}]}}