{"id":72610,"date":"2021-07-12T22:43:52","date_gmt":"2021-07-12T20:44:07","guid":{"rendered":"https:\/\/www.laperlavalles2.bcntic.com\/product\/beurre-de-karite-ayira-250gr\/"},"modified":"2024-06-19T14:41:21","modified_gmt":"2024-06-19T12:41:21","slug":"beurre-de-karite-ayira-250gr","status":"publish","type":"product","link":"https:\/\/www.laperlavalles.cat\/fr\/produit\/beurre-de-karite-ayira-250gr\/","title":{"rendered":"BEURRE DE KARITE AYIRA 250GR"},"content":{"rendered":"<p>Beurre de karit\u00e9 Ayira. Beurre de karit\u00e9 pur, 100% naturel pour la peau, les cheveux et les l\u00e8vres.<\/p>\n","protected":false},"excerpt":{"rendered":"<p>Beurre de karit\u00e9 Ayira. Beurre de karit\u00e9 pur, 100% naturel pour la peau, les cheveux et les l\u00e8vres.<\/p>\n","protected":false},"featured_media":177257,"comment_status":"open","ping_status":"closed","template":"","meta":[],"product_cat":[10616],"product_tag":[],"_links":{"self":[{"href":"https:\/\/www.laperlavalles.cat\/fr\/wp-json\/wp\/v2\/product\/72610"}],"collection":[{"href":"https:\/\/www.laperlavalles.cat\/fr\/wp-json\/wp\/v2\/product"}],"about":[{"href":"https:\/\/www.laperlavalles.cat\/fr\/wp-json\/wp\/v2\/types\/product"}],"replies":[{"embeddable":true,"href":"https:\/\/www.laperlavalles.cat\/fr\/wp-json\/wp\/v2\/comments?post=72610"}],"wp:featuredmedia":[{"embeddable":true,"href":"https:\/\/www.laperlavalles.cat\/fr\/wp-json\/wp\/v2\/media\/177257"}],"wp:attachment":[{"href":"https:\/\/www.laperlavalles.cat\/fr\/wp-json\/wp\/v2\/media?parent=72610"}],"wp:term":[{"taxonomy":"product_cat","embeddable":true,"href":"https:\/\/www.laperlavalles.cat\/fr\/wp-json\/wp\/v2\/product_cat?post=72610"},{"taxonomy":"product_tag","embeddable":true,"href":"https:\/\/www.laperlavalles.cat\/fr\/wp-json\/wp\/v2\/product_tag?post=72610"}],"curies":[{"name":"wp","href":"https:\/\/api.w.org\/{rel}","templated":true}]}}