{"id":72650,"date":"2021-07-12T22:44:38","date_gmt":"2021-07-12T20:44:53","guid":{"rendered":"https:\/\/www.laperlavalles2.bcntic.com\/product\/beurre-de-karite-ayira-5kg\/"},"modified":"2023-07-03T11:54:37","modified_gmt":"2023-07-03T09:54:37","slug":"beurre-de-karite-ayira-5kg","status":"publish","type":"product","link":"https:\/\/www.laperlavalles.cat\/fr\/produit\/beurre-de-karite-ayira-5kg\/","title":{"rendered":"BEURRE DE KARITE AYIRA 5KG"},"content":{"rendered":"<p>Beurre de karit\u00e9 Ayira. Beurre de karit\u00e9 pur, 100% naturel pour la peau, les cheveux et les l\u00e8vres.<\/p>\n","protected":false},"excerpt":{"rendered":"<p>Beurre de karit\u00e9 Ayira. Beurre de karit\u00e9 pur, 100% naturel pour la peau, les cheveux et les l\u00e8vres.<\/p>\n","protected":false},"featured_media":177287,"comment_status":"open","ping_status":"closed","template":"","meta":[],"product_cat":[8461,8597],"product_tag":[],"_links":{"self":[{"href":"https:\/\/www.laperlavalles.cat\/fr\/wp-json\/wp\/v2\/product\/72650"}],"collection":[{"href":"https:\/\/www.laperlavalles.cat\/fr\/wp-json\/wp\/v2\/product"}],"about":[{"href":"https:\/\/www.laperlavalles.cat\/fr\/wp-json\/wp\/v2\/types\/product"}],"replies":[{"embeddable":true,"href":"https:\/\/www.laperlavalles.cat\/fr\/wp-json\/wp\/v2\/comments?post=72650"}],"wp:featuredmedia":[{"embeddable":true,"href":"https:\/\/www.laperlavalles.cat\/fr\/wp-json\/wp\/v2\/media\/177287"}],"wp:attachment":[{"href":"https:\/\/www.laperlavalles.cat\/fr\/wp-json\/wp\/v2\/media?parent=72650"}],"wp:term":[{"taxonomy":"product_cat","embeddable":true,"href":"https:\/\/www.laperlavalles.cat\/fr\/wp-json\/wp\/v2\/product_cat?post=72650"},{"taxonomy":"product_tag","embeddable":true,"href":"https:\/\/www.laperlavalles.cat\/fr\/wp-json\/wp\/v2\/product_tag?post=72650"}],"curies":[{"name":"wp","href":"https:\/\/api.w.org\/{rel}","templated":true}]}}