{"id":72790,"date":"2021-07-12T22:46:54","date_gmt":"2021-07-12T20:47:07","guid":{"rendered":"https:\/\/www.laperlavalles2.bcntic.com\/product\/butter-creme-queen-helene-15oz\/"},"modified":"2025-03-17T14:45:19","modified_gmt":"2025-03-17T13:45:19","slug":"butter-creme-queen-helene-15oz","status":"publish","type":"product","link":"https:\/\/www.laperlavalles.cat\/fr\/produit\/butter-creme-queen-helene-15oz\/","title":{"rendered":"QUEEN HELENE CREMA HIDRATANT 15OZ"},"content":{"rendered":"<p>La Cr\u00e8me Hydratante Queen Helene de 15 oz est formul\u00e9e pour hydrater en profondeur la peau s\u00e8che, la laissant douce, souple et avec une sensation de confort durable. Id\u00e9ale pour une utilisation quotidienne, elle aide \u00e0 restaurer l&rsquo;hydratation naturelle de la peau.<\/p>\n","protected":false},"excerpt":{"rendered":"<p>La Cr\u00e8me Hydratante Queen Helene de 15 oz est formul\u00e9e pour hydrater en profondeur la peau s\u00e8che, la laissant douce, souple et avec une sensation de<span class=\"excerpt-hellip\"> [\u2026]<\/span><\/p>\n","protected":false},"featured_media":147043,"comment_status":"open","ping_status":"closed","template":"","meta":[],"product_cat":[8461,8597],"product_tag":[],"_links":{"self":[{"href":"https:\/\/www.laperlavalles.cat\/fr\/wp-json\/wp\/v2\/product\/72790"}],"collection":[{"href":"https:\/\/www.laperlavalles.cat\/fr\/wp-json\/wp\/v2\/product"}],"about":[{"href":"https:\/\/www.laperlavalles.cat\/fr\/wp-json\/wp\/v2\/types\/product"}],"replies":[{"embeddable":true,"href":"https:\/\/www.laperlavalles.cat\/fr\/wp-json\/wp\/v2\/comments?post=72790"}],"wp:featuredmedia":[{"embeddable":true,"href":"https:\/\/www.laperlavalles.cat\/fr\/wp-json\/wp\/v2\/media\/147043"}],"wp:attachment":[{"href":"https:\/\/www.laperlavalles.cat\/fr\/wp-json\/wp\/v2\/media?parent=72790"}],"wp:term":[{"taxonomy":"product_cat","embeddable":true,"href":"https:\/\/www.laperlavalles.cat\/fr\/wp-json\/wp\/v2\/product_cat?post=72790"},{"taxonomy":"product_tag","embeddable":true,"href":"https:\/\/www.laperlavalles.cat\/fr\/wp-json\/wp\/v2\/product_tag?post=72790"}],"curies":[{"name":"wp","href":"https:\/\/api.w.org\/{rel}","templated":true}]}}