{"id":72810,"date":"2021-07-12T22:47:12","date_gmt":"2021-07-12T20:47:25","guid":{"rendered":"https:\/\/www.laperlavalles2.bcntic.com\/product\/butter-lotion-queen-helene-16oz\/"},"modified":"2025-03-17T15:12:39","modified_gmt":"2025-03-17T14:12:39","slug":"butter-lotion-queen-helene-16oz","status":"publish","type":"product","link":"https:\/\/www.laperlavalles.cat\/fr\/produit\/butter-lotion-queen-helene-16oz\/","title":{"rendered":"BUTTER LOTION QUEEN HELENE 16OZ"},"content":{"rendered":"<p>Queen Helene Cocoa Butter Hand &amp; Body Lotion est une lotion pour les mains et le corps qui combine du beurre de cacao naturel et de la lanoline pure pour hydrater et adoucir la peau s\u00e8che. Sa formule non grasse aide \u00e0 restaurer l&rsquo;\u00e9quilibre hydrique essentiel et \u00e0 pr\u00e9venir la s\u00e9cheresse, laissant la peau douce et souple.<\/p>\n","protected":false},"excerpt":{"rendered":"<p>Queen Helene Cocoa Butter Hand &amp; Body Lotion est une lotion pour les mains et le corps qui combine du beurre de cacao naturel et de<span class=\"excerpt-hellip\"> [\u2026]<\/span><\/p>\n","protected":false},"featured_media":147059,"comment_status":"open","ping_status":"closed","template":"","meta":[],"product_cat":[8461,8597],"product_tag":[],"_links":{"self":[{"href":"https:\/\/www.laperlavalles.cat\/fr\/wp-json\/wp\/v2\/product\/72810"}],"collection":[{"href":"https:\/\/www.laperlavalles.cat\/fr\/wp-json\/wp\/v2\/product"}],"about":[{"href":"https:\/\/www.laperlavalles.cat\/fr\/wp-json\/wp\/v2\/types\/product"}],"replies":[{"embeddable":true,"href":"https:\/\/www.laperlavalles.cat\/fr\/wp-json\/wp\/v2\/comments?post=72810"}],"wp:featuredmedia":[{"embeddable":true,"href":"https:\/\/www.laperlavalles.cat\/fr\/wp-json\/wp\/v2\/media\/147059"}],"wp:attachment":[{"href":"https:\/\/www.laperlavalles.cat\/fr\/wp-json\/wp\/v2\/media?parent=72810"}],"wp:term":[{"taxonomy":"product_cat","embeddable":true,"href":"https:\/\/www.laperlavalles.cat\/fr\/wp-json\/wp\/v2\/product_cat?post=72810"},{"taxonomy":"product_tag","embeddable":true,"href":"https:\/\/www.laperlavalles.cat\/fr\/wp-json\/wp\/v2\/product_tag?post=72810"}],"curies":[{"name":"wp","href":"https:\/\/api.w.org\/{rel}","templated":true}]}}