{"id":72850,"date":"2021-07-12T22:47:48","date_gmt":"2021-07-12T20:48:01","guid":{"rendered":"https:\/\/www.laperlavalles2.bcntic.com\/product\/lotion-hydratante-rubee\/"},"modified":"2025-03-14T09:08:31","modified_gmt":"2025-03-14T08:08:31","slug":"lotion-hydratante-rubee","status":"publish","type":"product","link":"https:\/\/www.laperlavalles.cat\/fr\/produit\/lotion-hydratante-rubee\/","title":{"rendered":"HAND &amp; BODY LOTION RUBEE 16OZ"},"content":{"rendered":"<p>La LOTION POUR LES MAINS ET LE CORPS RUBEE de 16 oz restaure l&rsquo;hydratation et adoucit luxueusement votre peau. Sa formule riche et non grasse combine de la vitamine E et des extraits de plantes pour adoucir instantan\u00e9ment les peaux tr\u00e8s s\u00e8ches. Le beurre de cacao aide \u00e0 estomper les cicatrices et les marques, tandis que son envo\u00fbtant parfum de rose, de g\u00e9ranium et de bois de santal enveloppe vos sens dans une \u00e9treinte chaleureuse et durable. <\/p>\n","protected":false},"excerpt":{"rendered":"<p>La LOTION POUR LES MAINS ET LE CORPS RUBEE de 16 oz restaure l&rsquo;hydratation et adoucit luxueusement votre peau. Sa formule riche et non grasse combine<span class=\"excerpt-hellip\"> [\u2026]<\/span><\/p>\n","protected":false},"featured_media":160105,"comment_status":"open","ping_status":"closed","template":"","meta":[],"product_cat":[8461,8597],"product_tag":[],"_links":{"self":[{"href":"https:\/\/www.laperlavalles.cat\/fr\/wp-json\/wp\/v2\/product\/72850"}],"collection":[{"href":"https:\/\/www.laperlavalles.cat\/fr\/wp-json\/wp\/v2\/product"}],"about":[{"href":"https:\/\/www.laperlavalles.cat\/fr\/wp-json\/wp\/v2\/types\/product"}],"replies":[{"embeddable":true,"href":"https:\/\/www.laperlavalles.cat\/fr\/wp-json\/wp\/v2\/comments?post=72850"}],"wp:featuredmedia":[{"embeddable":true,"href":"https:\/\/www.laperlavalles.cat\/fr\/wp-json\/wp\/v2\/media\/160105"}],"wp:attachment":[{"href":"https:\/\/www.laperlavalles.cat\/fr\/wp-json\/wp\/v2\/media?parent=72850"}],"wp:term":[{"taxonomy":"product_cat","embeddable":true,"href":"https:\/\/www.laperlavalles.cat\/fr\/wp-json\/wp\/v2\/product_cat?post=72850"},{"taxonomy":"product_tag","embeddable":true,"href":"https:\/\/www.laperlavalles.cat\/fr\/wp-json\/wp\/v2\/product_tag?post=72850"}],"curies":[{"name":"wp","href":"https:\/\/api.w.org\/{rel}","templated":true}]}}