{"id":73070,"date":"2021-07-12T22:51:38","date_gmt":"2021-07-12T20:51:52","guid":{"rendered":"https:\/\/www.laperlavalles2.bcntic.com\/product\/riz-parf-thai-royal-umbrella-africa-2coupes-20kg\/"},"modified":"2025-07-08T13:24:37","modified_gmt":"2025-07-08T11:24:37","slug":"riz-parf-thai-royal-umbrella-africa-2coupes-20kg","status":"publish","type":"product","link":"https:\/\/www.laperlavalles.cat\/fr\/produit\/riz-parf-thai-royal-umbrella-africa-2coupes-20kg\/","title":{"rendered":"RIZ PARF. THAI ROYAL UMBRELLA AFRICA 2COUPES 20KG"},"content":{"rendered":"<p>Riz parfum\u00e9 cass\u00e9 2 coupes  Royal Umbrella Africa de Tha\u00eflande.<br \/>\nA1 super <\/p>\n","protected":false},"excerpt":{"rendered":"<p>Riz parfum\u00e9 cass\u00e9 2 coupes Royal Umbrella Africa de Tha\u00eflande. A1 super<\/p>\n","protected":false},"featured_media":139910,"comment_status":"open","ping_status":"closed","template":"","meta":[],"product_cat":[8455,8598],"product_tag":[],"_links":{"self":[{"href":"https:\/\/www.laperlavalles.cat\/fr\/wp-json\/wp\/v2\/product\/73070"}],"collection":[{"href":"https:\/\/www.laperlavalles.cat\/fr\/wp-json\/wp\/v2\/product"}],"about":[{"href":"https:\/\/www.laperlavalles.cat\/fr\/wp-json\/wp\/v2\/types\/product"}],"replies":[{"embeddable":true,"href":"https:\/\/www.laperlavalles.cat\/fr\/wp-json\/wp\/v2\/comments?post=73070"}],"wp:featuredmedia":[{"embeddable":true,"href":"https:\/\/www.laperlavalles.cat\/fr\/wp-json\/wp\/v2\/media\/139910"}],"wp:attachment":[{"href":"https:\/\/www.laperlavalles.cat\/fr\/wp-json\/wp\/v2\/media?parent=73070"}],"wp:term":[{"taxonomy":"product_cat","embeddable":true,"href":"https:\/\/www.laperlavalles.cat\/fr\/wp-json\/wp\/v2\/product_cat?post=73070"},{"taxonomy":"product_tag","embeddable":true,"href":"https:\/\/www.laperlavalles.cat\/fr\/wp-json\/wp\/v2\/product_tag?post=73070"}],"curies":[{"name":"wp","href":"https:\/\/api.w.org\/{rel}","templated":true}]}}