{"id":73170,"date":"2021-07-12T22:53:21","date_gmt":"2021-07-12T20:53:34","guid":{"rendered":"https:\/\/www.laperlavalles2.bcntic.com\/product\/riz-parf-thai-elephant-2coupe-20kg\/"},"modified":"2023-06-23T08:40:32","modified_gmt":"2023-06-23T06:40:32","slug":"riz-parf-thai-elephant-2coupe-20kg","status":"publish","type":"product","link":"https:\/\/www.laperlavalles.cat\/fr\/produit\/riz-parf-thai-elephant-2coupe-20kg\/","title":{"rendered":"RIZ PARF. THAI ELEPHANT 2COUPE 20KG"},"content":{"rendered":"<p>Riz parfum\u00e9 cass\u00e9 2 coupes Elephant d&rsquo;Afrique  de Tha\u00eflande.<br \/>\nA1 super <\/p>\n","protected":false},"excerpt":{"rendered":"<p>Riz parfum\u00e9 cass\u00e9 2 coupes Elephant d&rsquo;Afrique de Tha\u00eflande. A1 super<\/p>\n","protected":false},"featured_media":158775,"comment_status":"open","ping_status":"closed","template":"","meta":[],"product_cat":[8455,8598],"product_tag":[],"_links":{"self":[{"href":"https:\/\/www.laperlavalles.cat\/fr\/wp-json\/wp\/v2\/product\/73170"}],"collection":[{"href":"https:\/\/www.laperlavalles.cat\/fr\/wp-json\/wp\/v2\/product"}],"about":[{"href":"https:\/\/www.laperlavalles.cat\/fr\/wp-json\/wp\/v2\/types\/product"}],"replies":[{"embeddable":true,"href":"https:\/\/www.laperlavalles.cat\/fr\/wp-json\/wp\/v2\/comments?post=73170"}],"wp:featuredmedia":[{"embeddable":true,"href":"https:\/\/www.laperlavalles.cat\/fr\/wp-json\/wp\/v2\/media\/158775"}],"wp:attachment":[{"href":"https:\/\/www.laperlavalles.cat\/fr\/wp-json\/wp\/v2\/media?parent=73170"}],"wp:term":[{"taxonomy":"product_cat","embeddable":true,"href":"https:\/\/www.laperlavalles.cat\/fr\/wp-json\/wp\/v2\/product_cat?post=73170"},{"taxonomy":"product_tag","embeddable":true,"href":"https:\/\/www.laperlavalles.cat\/fr\/wp-json\/wp\/v2\/product_tag?post=73170"}],"curies":[{"name":"wp","href":"https:\/\/api.w.org\/{rel}","templated":true}]}}