{"id":73210,"date":"2021-07-12T22:54:01","date_gmt":"2021-07-12T20:54:15","guid":{"rendered":"https:\/\/www.laperlavalles2.bcntic.com\/product\/riz-parf-thai-foco-1coupe-20kg\/"},"modified":"2026-04-28T11:43:06","modified_gmt":"2026-04-28T09:43:06","slug":"riz-parf-thai-foco-1coupe-20kg","status":"publish","type":"product","link":"https:\/\/www.laperlavalles.cat\/fr\/produit\/riz-parf-thai-foco-1coupe-20kg\/","title":{"rendered":"RIZ PARF. THAI FOCO 1COUPE 20KG"},"content":{"rendered":"<p>Riz parfum\u00e9 cass\u00e9 1 coupe FOCO de Tha\u00eflande.<\/p>\n","protected":false},"excerpt":{"rendered":"<p>Riz parfum\u00e9 cass\u00e9 1 coupe FOCO de Tha\u00eflande.<\/p>\n","protected":false},"featured_media":158807,"comment_status":"open","ping_status":"closed","template":"","meta":[],"product_cat":[8455,8598],"product_tag":[],"_links":{"self":[{"href":"https:\/\/www.laperlavalles.cat\/fr\/wp-json\/wp\/v2\/product\/73210"}],"collection":[{"href":"https:\/\/www.laperlavalles.cat\/fr\/wp-json\/wp\/v2\/product"}],"about":[{"href":"https:\/\/www.laperlavalles.cat\/fr\/wp-json\/wp\/v2\/types\/product"}],"replies":[{"embeddable":true,"href":"https:\/\/www.laperlavalles.cat\/fr\/wp-json\/wp\/v2\/comments?post=73210"}],"wp:featuredmedia":[{"embeddable":true,"href":"https:\/\/www.laperlavalles.cat\/fr\/wp-json\/wp\/v2\/media\/158807"}],"wp:attachment":[{"href":"https:\/\/www.laperlavalles.cat\/fr\/wp-json\/wp\/v2\/media?parent=73210"}],"wp:term":[{"taxonomy":"product_cat","embeddable":true,"href":"https:\/\/www.laperlavalles.cat\/fr\/wp-json\/wp\/v2\/product_cat?post=73210"},{"taxonomy":"product_tag","embeddable":true,"href":"https:\/\/www.laperlavalles.cat\/fr\/wp-json\/wp\/v2\/product_tag?post=73210"}],"curies":[{"name":"wp","href":"https:\/\/api.w.org\/{rel}","templated":true}]}}