{"id":73230,"date":"2021-07-12T22:54:23","date_gmt":"2021-07-12T20:54:38","guid":{"rendered":"https:\/\/www.laperlavalles2.bcntic.com\/product\/riz-parf-thai-foco-2coupes-20kg\/"},"modified":"2026-04-28T11:44:29","modified_gmt":"2026-04-28T09:44:29","slug":"riz-parf-thai-foco-2coupes-20kg","status":"publish","type":"product","link":"https:\/\/www.laperlavalles.cat\/fr\/produit\/riz-parf-thai-foco-2coupes-20kg\/","title":{"rendered":"RIZ PARF. THAI FOCO 2COUPES 20KG"},"content":{"rendered":"<p>Riz parfum\u00e9 cass\u00e9 2 coupes FOCO de Tha\u00eflande.<br \/>\nA1 super <\/p>\n","protected":false},"excerpt":{"rendered":"<p>Riz parfum\u00e9 cass\u00e9 2 coupes FOCO de Tha\u00eflande. A1 super<\/p>\n","protected":false},"featured_media":158823,"comment_status":"open","ping_status":"closed","template":"","meta":[],"product_cat":[8455,8598],"product_tag":[],"_links":{"self":[{"href":"https:\/\/www.laperlavalles.cat\/fr\/wp-json\/wp\/v2\/product\/73230"}],"collection":[{"href":"https:\/\/www.laperlavalles.cat\/fr\/wp-json\/wp\/v2\/product"}],"about":[{"href":"https:\/\/www.laperlavalles.cat\/fr\/wp-json\/wp\/v2\/types\/product"}],"replies":[{"embeddable":true,"href":"https:\/\/www.laperlavalles.cat\/fr\/wp-json\/wp\/v2\/comments?post=73230"}],"wp:featuredmedia":[{"embeddable":true,"href":"https:\/\/www.laperlavalles.cat\/fr\/wp-json\/wp\/v2\/media\/158823"}],"wp:attachment":[{"href":"https:\/\/www.laperlavalles.cat\/fr\/wp-json\/wp\/v2\/media?parent=73230"}],"wp:term":[{"taxonomy":"product_cat","embeddable":true,"href":"https:\/\/www.laperlavalles.cat\/fr\/wp-json\/wp\/v2\/product_cat?post=73230"},{"taxonomy":"product_tag","embeddable":true,"href":"https:\/\/www.laperlavalles.cat\/fr\/wp-json\/wp\/v2\/product_tag?post=73230"}],"curies":[{"name":"wp","href":"https:\/\/api.w.org\/{rel}","templated":true}]}}