{"id":73290,"date":"2021-07-12T22:55:28","date_gmt":"2021-07-12T20:55:41","guid":{"rendered":"https:\/\/www.laperlavalles2.bcntic.com\/product\/riz-parf-thai-royal-umbrella-1coupe-20kg\/"},"modified":"2023-06-26T15:06:07","modified_gmt":"2023-06-26T13:06:07","slug":"riz-parf-thai-royal-umbrella-1coupe-20kg","status":"publish","type":"product","link":"https:\/\/www.laperlavalles.cat\/fr\/produit\/riz-parf-thai-royal-umbrella-1coupe-20kg\/","title":{"rendered":"RIZ PARF. THAI ROYAL UMBRELLA 1COUPE 20KG"},"content":{"rendered":"<p>Riz parfum\u00e9 cass\u00e9 1 coupe Royal Umbrella de Tha\u00eflande.<br \/>\nA1 super sp\u00e9cial.<\/p>\n","protected":false},"excerpt":{"rendered":"<p>Riz parfum\u00e9 cass\u00e9 1 coupe Royal Umbrella de Tha\u00eflande. A1 super sp\u00e9cial.<\/p>\n","protected":false},"featured_media":145747,"comment_status":"open","ping_status":"closed","template":"","meta":[],"product_cat":[8455,8598],"product_tag":[],"_links":{"self":[{"href":"https:\/\/www.laperlavalles.cat\/fr\/wp-json\/wp\/v2\/product\/73290"}],"collection":[{"href":"https:\/\/www.laperlavalles.cat\/fr\/wp-json\/wp\/v2\/product"}],"about":[{"href":"https:\/\/www.laperlavalles.cat\/fr\/wp-json\/wp\/v2\/types\/product"}],"replies":[{"embeddable":true,"href":"https:\/\/www.laperlavalles.cat\/fr\/wp-json\/wp\/v2\/comments?post=73290"}],"wp:featuredmedia":[{"embeddable":true,"href":"https:\/\/www.laperlavalles.cat\/fr\/wp-json\/wp\/v2\/media\/145747"}],"wp:attachment":[{"href":"https:\/\/www.laperlavalles.cat\/fr\/wp-json\/wp\/v2\/media?parent=73290"}],"wp:term":[{"taxonomy":"product_cat","embeddable":true,"href":"https:\/\/www.laperlavalles.cat\/fr\/wp-json\/wp\/v2\/product_cat?post=73290"},{"taxonomy":"product_tag","embeddable":true,"href":"https:\/\/www.laperlavalles.cat\/fr\/wp-json\/wp\/v2\/product_tag?post=73290"}],"curies":[{"name":"wp","href":"https:\/\/api.w.org\/{rel}","templated":true}]}}