{"id":73390,"date":"2021-07-12T22:57:12","date_gmt":"2021-07-12T20:57:26","guid":{"rendered":"https:\/\/www.laperlavalles2.bcntic.com\/product\/riz-parf-elephant-1-coupe-5kg\/"},"modified":"2024-05-15T12:01:47","modified_gmt":"2024-05-15T10:01:47","slug":"riz-parf-elephant-1-coupe-5kg","status":"publish","type":"product","link":"https:\/\/www.laperlavalles.cat\/fr\/produit\/riz-parf-elephant-1-coupe-5kg\/","title":{"rendered":"RIZ PARF. ELEPHANT 1 COUPE 5KG"},"content":{"rendered":"<p>Riz parfum\u00e9 cass\u00e9 1 coupe Elephant d&rsquo;Afrique de Tha\u00eflande.<br \/>\nA1 super sp\u00e9cial.<\/p>\n","protected":false},"excerpt":{"rendered":"<p>Riz parfum\u00e9 cass\u00e9 1 coupe Elephant d&rsquo;Afrique de Tha\u00eflande. A1 super sp\u00e9cial.<\/p>\n","protected":false},"featured_media":170071,"comment_status":"open","ping_status":"closed","template":"","meta":[],"product_cat":[8455,8598],"product_tag":[],"_links":{"self":[{"href":"https:\/\/www.laperlavalles.cat\/fr\/wp-json\/wp\/v2\/product\/73390"}],"collection":[{"href":"https:\/\/www.laperlavalles.cat\/fr\/wp-json\/wp\/v2\/product"}],"about":[{"href":"https:\/\/www.laperlavalles.cat\/fr\/wp-json\/wp\/v2\/types\/product"}],"replies":[{"embeddable":true,"href":"https:\/\/www.laperlavalles.cat\/fr\/wp-json\/wp\/v2\/comments?post=73390"}],"wp:featuredmedia":[{"embeddable":true,"href":"https:\/\/www.laperlavalles.cat\/fr\/wp-json\/wp\/v2\/media\/170071"}],"wp:attachment":[{"href":"https:\/\/www.laperlavalles.cat\/fr\/wp-json\/wp\/v2\/media?parent=73390"}],"wp:term":[{"taxonomy":"product_cat","embeddable":true,"href":"https:\/\/www.laperlavalles.cat\/fr\/wp-json\/wp\/v2\/product_cat?post=73390"},{"taxonomy":"product_tag","embeddable":true,"href":"https:\/\/www.laperlavalles.cat\/fr\/wp-json\/wp\/v2\/product_tag?post=73390"}],"curies":[{"name":"wp","href":"https:\/\/api.w.org\/{rel}","templated":true}]}}