{"id":73410,"date":"2021-07-12T22:57:35","date_gmt":"2021-07-12T20:57:50","guid":{"rendered":"https:\/\/www.laperlavalles2.bcntic.com\/product\/tsingtao-biere-47o-33cl\/"},"modified":"2023-06-23T12:31:59","modified_gmt":"2023-06-23T10:31:59","slug":"tsingtao-biere-47o-33cl","status":"publish","type":"product","link":"https:\/\/www.laperlavalles.cat\/fr\/produit\/tsingtao-biere-47o-33cl\/","title":{"rendered":"Tsingtao Bi\u00e8re 4&rsquo;7\u00ba 33CL"},"content":{"rendered":"<p>Bi\u00e8re Lager Premium 4&rsquo;7\u00ba.<br \/>\nLa bi\u00e8re Tsingtao est la bi\u00e8re n\u00ba1 des ventes par excellence depuis sa cr\u00e9ation en 1903. Elle est la plus populaire en Chine et est export\u00e9e vers de nombreux pays europ\u00e9ens.<br \/>\nCaract\u00e9ristiques: bi\u00e8re jaune clair, avec un ar\u00f4me agr\u00e9able et un go\u00fbt \u00e9quilibr\u00e9. Le malt et le houblon conf\u00e8rent \u00e0 la bi\u00e8re un caract\u00e8re rafra\u00eechissant.<br \/>\nOrigine: Chine<br \/>\nContient de l&rsquo;alcool.<\/p>\n","protected":false},"excerpt":{"rendered":"<p>Bi\u00e8re Lager Premium 4&rsquo;7\u00ba. La bi\u00e8re Tsingtao est la bi\u00e8re n\u00ba1 des ventes par excellence depuis sa cr\u00e9ation en 1903. Elle est la plus populaire en<span class=\"excerpt-hellip\"> [\u2026]<\/span><\/p>\n","protected":false},"featured_media":169273,"comment_status":"open","ping_status":"closed","template":"","meta":[],"product_cat":[8599,8445],"product_tag":[],"_links":{"self":[{"href":"https:\/\/www.laperlavalles.cat\/fr\/wp-json\/wp\/v2\/product\/73410"}],"collection":[{"href":"https:\/\/www.laperlavalles.cat\/fr\/wp-json\/wp\/v2\/product"}],"about":[{"href":"https:\/\/www.laperlavalles.cat\/fr\/wp-json\/wp\/v2\/types\/product"}],"replies":[{"embeddable":true,"href":"https:\/\/www.laperlavalles.cat\/fr\/wp-json\/wp\/v2\/comments?post=73410"}],"wp:featuredmedia":[{"embeddable":true,"href":"https:\/\/www.laperlavalles.cat\/fr\/wp-json\/wp\/v2\/media\/169273"}],"wp:attachment":[{"href":"https:\/\/www.laperlavalles.cat\/fr\/wp-json\/wp\/v2\/media?parent=73410"}],"wp:term":[{"taxonomy":"product_cat","embeddable":true,"href":"https:\/\/www.laperlavalles.cat\/fr\/wp-json\/wp\/v2\/product_cat?post=73410"},{"taxonomy":"product_tag","embeddable":true,"href":"https:\/\/www.laperlavalles.cat\/fr\/wp-json\/wp\/v2\/product_tag?post=73410"}],"curies":[{"name":"wp","href":"https:\/\/api.w.org\/{rel}","templated":true}]}}