{"id":73530,"date":"2021-07-12T22:59:40","date_gmt":"2021-07-12T20:59:53","guid":{"rendered":"https:\/\/www.laperlavalles2.bcntic.com\/product\/kire-baobab-en-poudre-halah\/"},"modified":"2023-06-26T15:22:25","modified_gmt":"2023-06-26T13:22:25","slug":"kire-baobab-en-poudre-halah","status":"publish","type":"product","link":"https:\/\/www.laperlavalles.cat\/fr\/produit\/kire-baobab-en-poudre-halah\/","title":{"rendered":"KIRE\/BAOBAB EN POUDRE HALAH"},"content":{"rendered":"<p>Poudre de baobab ou kire Halah sont le pulpe de fruit de baobab. La marque Halah est une marque sp\u00e9cialis\u00e9e dans les produits import\u00e9s de premi\u00e8re qualit\u00e9.<\/p>\n","protected":false},"excerpt":{"rendered":"<p>Poudre de baobab ou kire Halah sont le pulpe de fruit de baobab. La marque Halah est une marque sp\u00e9cialis\u00e9e dans les produits import\u00e9s de premi\u00e8re<span class=\"excerpt-hellip\"> [\u2026]<\/span><\/p>\n","protected":false},"featured_media":148643,"comment_status":"open","ping_status":"closed","template":"","meta":[],"product_cat":[8600,8446],"product_tag":[],"_links":{"self":[{"href":"https:\/\/www.laperlavalles.cat\/fr\/wp-json\/wp\/v2\/product\/73530"}],"collection":[{"href":"https:\/\/www.laperlavalles.cat\/fr\/wp-json\/wp\/v2\/product"}],"about":[{"href":"https:\/\/www.laperlavalles.cat\/fr\/wp-json\/wp\/v2\/types\/product"}],"replies":[{"embeddable":true,"href":"https:\/\/www.laperlavalles.cat\/fr\/wp-json\/wp\/v2\/comments?post=73530"}],"wp:featuredmedia":[{"embeddable":true,"href":"https:\/\/www.laperlavalles.cat\/fr\/wp-json\/wp\/v2\/media\/148643"}],"wp:attachment":[{"href":"https:\/\/www.laperlavalles.cat\/fr\/wp-json\/wp\/v2\/media?parent=73530"}],"wp:term":[{"taxonomy":"product_cat","embeddable":true,"href":"https:\/\/www.laperlavalles.cat\/fr\/wp-json\/wp\/v2\/product_cat?post=73530"},{"taxonomy":"product_tag","embeddable":true,"href":"https:\/\/www.laperlavalles.cat\/fr\/wp-json\/wp\/v2\/product_tag?post=73530"}],"curies":[{"name":"wp","href":"https:\/\/api.w.org\/{rel}","templated":true}]}}