{"id":73650,"date":"2021-07-12T23:01:34","date_gmt":"2021-07-12T21:01:48","guid":{"rendered":"https:\/\/www.laperlavalles2.bcntic.com\/product\/sirop-tamarinde-zena\/"},"modified":"2023-06-23T08:01:51","modified_gmt":"2023-06-23T06:01:51","slug":"sirop-tamarinde-zena","status":"publish","type":"product","link":"https:\/\/www.laperlavalles.cat\/fr\/produit\/sirop-tamarinde-zena\/","title":{"rendered":"SIROP TAMARINDE ZENA"},"content":{"rendered":"<p>Sirop aromatis\u00e9 aux fruits de marque Zena en provenance directe du S\u00e9n\u00e9gal. Le sirop de fruits est un produit pour la pr\u00e9paration d&rsquo;aliments, de boissons et de p\u00e2tisseries.<\/p>\n","protected":false},"excerpt":{"rendered":"<p>Sirop aromatis\u00e9 aux fruits de marque Zena en provenance directe du S\u00e9n\u00e9gal. Le sirop de fruits est un produit pour la pr\u00e9paration d&rsquo;aliments, de boissons et<span class=\"excerpt-hellip\"> [\u2026]<\/span><\/p>\n","protected":false},"featured_media":157057,"comment_status":"open","ping_status":"closed","template":"","meta":[],"product_cat":[8600,8446],"product_tag":[],"_links":{"self":[{"href":"https:\/\/www.laperlavalles.cat\/fr\/wp-json\/wp\/v2\/product\/73650"}],"collection":[{"href":"https:\/\/www.laperlavalles.cat\/fr\/wp-json\/wp\/v2\/product"}],"about":[{"href":"https:\/\/www.laperlavalles.cat\/fr\/wp-json\/wp\/v2\/types\/product"}],"replies":[{"embeddable":true,"href":"https:\/\/www.laperlavalles.cat\/fr\/wp-json\/wp\/v2\/comments?post=73650"}],"wp:featuredmedia":[{"embeddable":true,"href":"https:\/\/www.laperlavalles.cat\/fr\/wp-json\/wp\/v2\/media\/157057"}],"wp:attachment":[{"href":"https:\/\/www.laperlavalles.cat\/fr\/wp-json\/wp\/v2\/media?parent=73650"}],"wp:term":[{"taxonomy":"product_cat","embeddable":true,"href":"https:\/\/www.laperlavalles.cat\/fr\/wp-json\/wp\/v2\/product_cat?post=73650"},{"taxonomy":"product_tag","embeddable":true,"href":"https:\/\/www.laperlavalles.cat\/fr\/wp-json\/wp\/v2\/product_tag?post=73650"}],"curies":[{"name":"wp","href":"https:\/\/api.w.org\/{rel}","templated":true}]}}