{"id":73730,"date":"2021-07-12T23:02:51","date_gmt":"2021-07-12T21:03:04","guid":{"rendered":"https:\/\/www.laperlavalles2.bcntic.com\/product\/the-lipton-english-breakfast-25u\/"},"modified":"2024-07-02T16:11:42","modified_gmt":"2024-07-02T14:11:42","slug":"the-lipton-english-breakfast-25u","status":"publish","type":"product","link":"https:\/\/www.laperlavalles.cat\/fr\/produit\/the-lipton-english-breakfast-25u\/","title":{"rendered":"TH\u00c9 LIPTON ENGLISH BREAKFAST 25U"},"content":{"rendered":"<p>Th\u00e9 noir parfum\u00e9 Lipton. <\/p>\n","protected":false},"excerpt":{"rendered":"<p>Th\u00e9 noir parfum\u00e9 Lipton.<\/p>\n","protected":false},"featured_media":162263,"comment_status":"open","ping_status":"closed","template":"","meta":[],"product_cat":[10616],"product_tag":[],"_links":{"self":[{"href":"https:\/\/www.laperlavalles.cat\/fr\/wp-json\/wp\/v2\/product\/73730"}],"collection":[{"href":"https:\/\/www.laperlavalles.cat\/fr\/wp-json\/wp\/v2\/product"}],"about":[{"href":"https:\/\/www.laperlavalles.cat\/fr\/wp-json\/wp\/v2\/types\/product"}],"replies":[{"embeddable":true,"href":"https:\/\/www.laperlavalles.cat\/fr\/wp-json\/wp\/v2\/comments?post=73730"}],"wp:featuredmedia":[{"embeddable":true,"href":"https:\/\/www.laperlavalles.cat\/fr\/wp-json\/wp\/v2\/media\/162263"}],"wp:attachment":[{"href":"https:\/\/www.laperlavalles.cat\/fr\/wp-json\/wp\/v2\/media?parent=73730"}],"wp:term":[{"taxonomy":"product_cat","embeddable":true,"href":"https:\/\/www.laperlavalles.cat\/fr\/wp-json\/wp\/v2\/product_cat?post=73730"},{"taxonomy":"product_tag","embeddable":true,"href":"https:\/\/www.laperlavalles.cat\/fr\/wp-json\/wp\/v2\/product_tag?post=73730"}],"curies":[{"name":"wp","href":"https:\/\/api.w.org\/{rel}","templated":true}]}}