{"id":73890,"date":"2021-07-12T23:05:23","date_gmt":"2021-07-12T21:05:38","guid":{"rendered":"https:\/\/www.laperlavalles2.bcntic.com\/product\/the-lipton-yellow-label-25u\/"},"modified":"2023-06-23T09:40:09","modified_gmt":"2023-06-23T07:40:09","slug":"the-lipton-yellow-label-25u","status":"publish","type":"product","link":"https:\/\/www.laperlavalles.cat\/fr\/produit\/the-lipton-yellow-label-25u\/","title":{"rendered":"TH\u00c9 LIPTON YELLOW LABEL 25U"},"content":{"rendered":"<p>Yellow Label th\u00e9 noir aromatis\u00e9 Lipton.<\/p>\n","protected":false},"excerpt":{"rendered":"<p>Yellow Label th\u00e9 noir aromatis\u00e9 Lipton.<\/p>\n","protected":false},"featured_media":161527,"comment_status":"open","ping_status":"closed","template":"","meta":[],"product_cat":[8600,8446],"product_tag":[],"_links":{"self":[{"href":"https:\/\/www.laperlavalles.cat\/fr\/wp-json\/wp\/v2\/product\/73890"}],"collection":[{"href":"https:\/\/www.laperlavalles.cat\/fr\/wp-json\/wp\/v2\/product"}],"about":[{"href":"https:\/\/www.laperlavalles.cat\/fr\/wp-json\/wp\/v2\/types\/product"}],"replies":[{"embeddable":true,"href":"https:\/\/www.laperlavalles.cat\/fr\/wp-json\/wp\/v2\/comments?post=73890"}],"wp:featuredmedia":[{"embeddable":true,"href":"https:\/\/www.laperlavalles.cat\/fr\/wp-json\/wp\/v2\/media\/161527"}],"wp:attachment":[{"href":"https:\/\/www.laperlavalles.cat\/fr\/wp-json\/wp\/v2\/media?parent=73890"}],"wp:term":[{"taxonomy":"product_cat","embeddable":true,"href":"https:\/\/www.laperlavalles.cat\/fr\/wp-json\/wp\/v2\/product_cat?post=73890"},{"taxonomy":"product_tag","embeddable":true,"href":"https:\/\/www.laperlavalles.cat\/fr\/wp-json\/wp\/v2\/product_tag?post=73890"}],"curies":[{"name":"wp","href":"https:\/\/api.w.org\/{rel}","templated":true}]}}