{"id":73910,"date":"2021-07-12T23:05:43","date_gmt":"2021-07-12T21:05:57","guid":{"rendered":"https:\/\/www.laperlavalles2.bcntic.com\/product\/cafe-touba-halah\/"},"modified":"2023-06-23T09:40:30","modified_gmt":"2023-06-23T07:40:30","slug":"cafe-touba-halah","status":"publish","type":"product","link":"https:\/\/www.laperlavalles.cat\/fr\/produit\/cafe-touba-halah\/","title":{"rendered":"CAF\u00c9 TOUBA HALAH"},"content":{"rendered":"<p>Caf\u00e9 Touba Halah est le caf\u00e9 typiquement s\u00e9n\u00e9galais avec la touche \u00e9pic\u00e9e traditionnelle. <\/p>\n","protected":false},"excerpt":{"rendered":"<p>Caf\u00e9 Touba Halah est le caf\u00e9 typiquement s\u00e9n\u00e9galais avec la touche \u00e9pic\u00e9e traditionnelle.<\/p>\n","protected":false},"featured_media":161543,"comment_status":"open","ping_status":"closed","template":"","meta":[],"product_cat":[8600,8446],"product_tag":[],"_links":{"self":[{"href":"https:\/\/www.laperlavalles.cat\/fr\/wp-json\/wp\/v2\/product\/73910"}],"collection":[{"href":"https:\/\/www.laperlavalles.cat\/fr\/wp-json\/wp\/v2\/product"}],"about":[{"href":"https:\/\/www.laperlavalles.cat\/fr\/wp-json\/wp\/v2\/types\/product"}],"replies":[{"embeddable":true,"href":"https:\/\/www.laperlavalles.cat\/fr\/wp-json\/wp\/v2\/comments?post=73910"}],"wp:featuredmedia":[{"embeddable":true,"href":"https:\/\/www.laperlavalles.cat\/fr\/wp-json\/wp\/v2\/media\/161543"}],"wp:attachment":[{"href":"https:\/\/www.laperlavalles.cat\/fr\/wp-json\/wp\/v2\/media?parent=73910"}],"wp:term":[{"taxonomy":"product_cat","embeddable":true,"href":"https:\/\/www.laperlavalles.cat\/fr\/wp-json\/wp\/v2\/product_cat?post=73910"},{"taxonomy":"product_tag","embeddable":true,"href":"https:\/\/www.laperlavalles.cat\/fr\/wp-json\/wp\/v2\/product_tag?post=73910"}],"curies":[{"name":"wp","href":"https:\/\/api.w.org\/{rel}","templated":true}]}}