{"id":73930,"date":"2021-07-12T23:06:02","date_gmt":"2021-07-12T21:06:16","guid":{"rendered":"https:\/\/www.laperlavalles2.bcntic.com\/product\/the-lipton-fruits-rouges-25u\/"},"modified":"2023-06-23T10:06:21","modified_gmt":"2023-06-23T08:06:21","slug":"the-lipton-fruits-rouges-25u","status":"publish","type":"product","link":"https:\/\/www.laperlavalles.cat\/fr\/produit\/the-lipton-fruits-rouges-25u\/","title":{"rendered":"TH\u00c9 LIPTON FRUITS ROUGES 25U"},"content":{"rendered":"<p>Th\u00e9 noir parfum\u00e9 aux fruits rouges et aux cerises Lipton. <\/p>\n","protected":false},"excerpt":{"rendered":"<p>Th\u00e9 noir parfum\u00e9 aux fruits rouges et aux cerises Lipton.<\/p>\n","protected":false},"featured_media":162695,"comment_status":"open","ping_status":"closed","template":"","meta":[],"product_cat":[10616],"product_tag":[],"_links":{"self":[{"href":"https:\/\/www.laperlavalles.cat\/fr\/wp-json\/wp\/v2\/product\/73930"}],"collection":[{"href":"https:\/\/www.laperlavalles.cat\/fr\/wp-json\/wp\/v2\/product"}],"about":[{"href":"https:\/\/www.laperlavalles.cat\/fr\/wp-json\/wp\/v2\/types\/product"}],"replies":[{"embeddable":true,"href":"https:\/\/www.laperlavalles.cat\/fr\/wp-json\/wp\/v2\/comments?post=73930"}],"wp:featuredmedia":[{"embeddable":true,"href":"https:\/\/www.laperlavalles.cat\/fr\/wp-json\/wp\/v2\/media\/162695"}],"wp:attachment":[{"href":"https:\/\/www.laperlavalles.cat\/fr\/wp-json\/wp\/v2\/media?parent=73930"}],"wp:term":[{"taxonomy":"product_cat","embeddable":true,"href":"https:\/\/www.laperlavalles.cat\/fr\/wp-json\/wp\/v2\/product_cat?post=73930"},{"taxonomy":"product_tag","embeddable":true,"href":"https:\/\/www.laperlavalles.cat\/fr\/wp-json\/wp\/v2\/product_tag?post=73930"}],"curies":[{"name":"wp","href":"https:\/\/api.w.org\/{rel}","templated":true}]}}