{"id":74150,"date":"2021-07-12T23:10:15","date_gmt":"2021-07-12T21:10:29","guid":{"rendered":"https:\/\/www.laperlavalles2.bcntic.com\/product\/concentre-de-tomate-de-rica-850gr\/"},"modified":"2023-06-23T08:11:20","modified_gmt":"2023-06-23T06:11:20","slug":"concentre-de-tomate-de-rica-850gr","status":"publish","type":"product","link":"https:\/\/www.laperlavalles.cat\/fr\/produit\/concentre-de-tomate-de-rica-850gr\/","title":{"rendered":"CONCENTR\u00c9 DE TOMATE DE RICA 850GR"},"content":{"rendered":"<p>Le concentr\u00e9 de tomate De Rica est un concentr\u00e9 de tomate avec le meilleur rapport qualit\u00e9 \/ prix. Si vous souhaitez distribuer de la tomate concentr\u00e9e, contactez La Perla.<\/p>\n","protected":false},"excerpt":{"rendered":"<p>Le concentr\u00e9 de tomate De Rica est un concentr\u00e9 de tomate avec le meilleur rapport qualit\u00e9 \/ prix. Si vous souhaitez distribuer de la tomate concentr\u00e9e,<span class=\"excerpt-hellip\"> [\u2026]<\/span><\/p>\n","protected":false},"featured_media":157489,"comment_status":"open","ping_status":"closed","template":"","meta":[],"product_cat":[8447],"product_tag":[],"_links":{"self":[{"href":"https:\/\/www.laperlavalles.cat\/fr\/wp-json\/wp\/v2\/product\/74150"}],"collection":[{"href":"https:\/\/www.laperlavalles.cat\/fr\/wp-json\/wp\/v2\/product"}],"about":[{"href":"https:\/\/www.laperlavalles.cat\/fr\/wp-json\/wp\/v2\/types\/product"}],"replies":[{"embeddable":true,"href":"https:\/\/www.laperlavalles.cat\/fr\/wp-json\/wp\/v2\/comments?post=74150"}],"wp:featuredmedia":[{"embeddable":true,"href":"https:\/\/www.laperlavalles.cat\/fr\/wp-json\/wp\/v2\/media\/157489"}],"wp:attachment":[{"href":"https:\/\/www.laperlavalles.cat\/fr\/wp-json\/wp\/v2\/media?parent=74150"}],"wp:term":[{"taxonomy":"product_cat","embeddable":true,"href":"https:\/\/www.laperlavalles.cat\/fr\/wp-json\/wp\/v2\/product_cat?post=74150"},{"taxonomy":"product_tag","embeddable":true,"href":"https:\/\/www.laperlavalles.cat\/fr\/wp-json\/wp\/v2\/product_tag?post=74150"}],"curies":[{"name":"wp","href":"https:\/\/api.w.org\/{rel}","templated":true}]}}