{"id":75910,"date":"2021-07-12T23:40:47","date_gmt":"2021-07-12T21:41:01","guid":{"rendered":"https:\/\/www.laperlavalles2.bcntic.com\/product\/lait-coco-the-elements-1l\/"},"modified":"2023-06-23T10:17:19","modified_gmt":"2023-06-23T08:17:19","slug":"lait-coco-the-elements-1l","status":"publish","type":"product","link":"https:\/\/www.laperlavalles.cat\/fr\/produit\/lait-coco-the-elements-1l\/","title":{"rendered":"LAIT COCO THE ELEMENTS 1L"},"content":{"rendered":"<p>La boisson de coco The Elements est un lait v\u00e9g\u00e9tal. La boisson \u00e0 la noix de coco Elements est d&rsquo;origine 100% v\u00e9g\u00e9tale, sans gluten, lactose, ni prot\u00e9ines de lait. Un produit id\u00e9al pour les magasins sp\u00e9cialis\u00e9s, les restaurants, les supermarch\u00e9s ou les hypermarch\u00e9s.<\/p>\n","protected":false},"excerpt":{"rendered":"<p>La boisson de coco The Elements est un lait v\u00e9g\u00e9tal. La boisson \u00e0 la noix de coco Elements est d&rsquo;origine 100% v\u00e9g\u00e9tale, sans gluten, lactose, ni<span class=\"excerpt-hellip\"> [\u2026]<\/span><\/p>\n","protected":false},"featured_media":163177,"comment_status":"open","ping_status":"closed","template":"","meta":[],"product_cat":[8445,8603],"product_tag":[],"_links":{"self":[{"href":"https:\/\/www.laperlavalles.cat\/fr\/wp-json\/wp\/v2\/product\/75910"}],"collection":[{"href":"https:\/\/www.laperlavalles.cat\/fr\/wp-json\/wp\/v2\/product"}],"about":[{"href":"https:\/\/www.laperlavalles.cat\/fr\/wp-json\/wp\/v2\/types\/product"}],"replies":[{"embeddable":true,"href":"https:\/\/www.laperlavalles.cat\/fr\/wp-json\/wp\/v2\/comments?post=75910"}],"wp:featuredmedia":[{"embeddable":true,"href":"https:\/\/www.laperlavalles.cat\/fr\/wp-json\/wp\/v2\/media\/163177"}],"wp:attachment":[{"href":"https:\/\/www.laperlavalles.cat\/fr\/wp-json\/wp\/v2\/media?parent=75910"}],"wp:term":[{"taxonomy":"product_cat","embeddable":true,"href":"https:\/\/www.laperlavalles.cat\/fr\/wp-json\/wp\/v2\/product_cat?post=75910"},{"taxonomy":"product_tag","embeddable":true,"href":"https:\/\/www.laperlavalles.cat\/fr\/wp-json\/wp\/v2\/product_tag?post=75910"}],"curies":[{"name":"wp","href":"https:\/\/api.w.org\/{rel}","templated":true}]}}