{"id":75950,"date":"2021-07-12T23:41:25","date_gmt":"2021-07-12T21:41:39","guid":{"rendered":"https:\/\/www.laperlavalles2.bcntic.com\/product\/eau-de-coco-the-elements-1l\/"},"modified":"2023-06-23T10:15:09","modified_gmt":"2023-06-23T08:15:09","slug":"eau-de-coco-the-elements-1l","status":"publish","type":"product","link":"https:\/\/www.laperlavalles.cat\/fr\/produit\/eau-de-coco-the-elements-1l\/","title":{"rendered":"EAU DE COCO THE ELEMENTS 1L"},"content":{"rendered":"<p>Eau de coco 100% pure The Elements. Sans colorants, sans conservateurs ni sucres ajout\u00e9s. Une boisson naturelle pour les distributeurs de boissons naturelles, les bars et restaurants ou les magasins sp\u00e9cialis\u00e9s.<\/p>\n","protected":false},"excerpt":{"rendered":"<p>Eau de coco 100% pure The Elements. Sans colorants, sans conservateurs ni sucres ajout\u00e9s. Une boisson naturelle pour les distributeurs de boissons naturelles, les bars et<span class=\"excerpt-hellip\"> [\u2026]<\/span><\/p>\n","protected":false},"featured_media":163081,"comment_status":"open","ping_status":"closed","template":"","meta":[],"product_cat":[8445,8603],"product_tag":[],"_links":{"self":[{"href":"https:\/\/www.laperlavalles.cat\/fr\/wp-json\/wp\/v2\/product\/75950"}],"collection":[{"href":"https:\/\/www.laperlavalles.cat\/fr\/wp-json\/wp\/v2\/product"}],"about":[{"href":"https:\/\/www.laperlavalles.cat\/fr\/wp-json\/wp\/v2\/types\/product"}],"replies":[{"embeddable":true,"href":"https:\/\/www.laperlavalles.cat\/fr\/wp-json\/wp\/v2\/comments?post=75950"}],"wp:featuredmedia":[{"embeddable":true,"href":"https:\/\/www.laperlavalles.cat\/fr\/wp-json\/wp\/v2\/media\/163081"}],"wp:attachment":[{"href":"https:\/\/www.laperlavalles.cat\/fr\/wp-json\/wp\/v2\/media?parent=75950"}],"wp:term":[{"taxonomy":"product_cat","embeddable":true,"href":"https:\/\/www.laperlavalles.cat\/fr\/wp-json\/wp\/v2\/product_cat?post=75950"},{"taxonomy":"product_tag","embeddable":true,"href":"https:\/\/www.laperlavalles.cat\/fr\/wp-json\/wp\/v2\/product_tag?post=75950"}],"curies":[{"name":"wp","href":"https:\/\/api.w.org\/{rel}","templated":true}]}}