{"id":76030,"date":"2021-07-12T23:42:42","date_gmt":"2021-07-12T21:42:55","guid":{"rendered":"https:\/\/www.laperlavalles2.bcntic.com\/product\/concentre-de-gingembre-sans-sucre-zena\/"},"modified":"2023-06-23T09:53:39","modified_gmt":"2023-06-23T07:53:39","slug":"concentre-de-gingembre-sans-sucre-zena","status":"publish","type":"product","link":"https:\/\/www.laperlavalles.cat\/fr\/produit\/concentre-de-gingembre-sans-sucre-zena\/","title":{"rendered":"CONCENTR\u00c9 DE GINGEMBRE SANS SUCRE ZENA"},"content":{"rendered":"<p>Sirop aromatis\u00e9 aux fruits de marque Zena en provenance directe du S\u00e9n\u00e9gal. Le sirop de fruits est un produit pour la pr\u00e9paration d&rsquo;aliments, de boissons et de p\u00e2tisseries.<\/p>\n","protected":false},"excerpt":{"rendered":"<p>Sirop aromatis\u00e9 aux fruits de marque Zena en provenance directe du S\u00e9n\u00e9gal. Le sirop de fruits est un produit pour la pr\u00e9paration d&rsquo;aliments, de boissons et<span class=\"excerpt-hellip\"> [\u2026]<\/span><\/p>\n","protected":false},"featured_media":162153,"comment_status":"open","ping_status":"closed","template":"","meta":[],"product_cat":[8445,8603],"product_tag":[],"_links":{"self":[{"href":"https:\/\/www.laperlavalles.cat\/fr\/wp-json\/wp\/v2\/product\/76030"}],"collection":[{"href":"https:\/\/www.laperlavalles.cat\/fr\/wp-json\/wp\/v2\/product"}],"about":[{"href":"https:\/\/www.laperlavalles.cat\/fr\/wp-json\/wp\/v2\/types\/product"}],"replies":[{"embeddable":true,"href":"https:\/\/www.laperlavalles.cat\/fr\/wp-json\/wp\/v2\/comments?post=76030"}],"wp:featuredmedia":[{"embeddable":true,"href":"https:\/\/www.laperlavalles.cat\/fr\/wp-json\/wp\/v2\/media\/162153"}],"wp:attachment":[{"href":"https:\/\/www.laperlavalles.cat\/fr\/wp-json\/wp\/v2\/media?parent=76030"}],"wp:term":[{"taxonomy":"product_cat","embeddable":true,"href":"https:\/\/www.laperlavalles.cat\/fr\/wp-json\/wp\/v2\/product_cat?post=76030"},{"taxonomy":"product_tag","embeddable":true,"href":"https:\/\/www.laperlavalles.cat\/fr\/wp-json\/wp\/v2\/product_tag?post=76030"}],"curies":[{"name":"wp","href":"https:\/\/api.w.org\/{rel}","templated":true}]}}