{"id":76590,"date":"2021-07-12T23:51:42","date_gmt":"2021-07-12T21:51:56","guid":{"rendered":"https:\/\/www.laperlavalles2.bcntic.com\/product\/x-pression-prepeigne-deep-violet-2\/"},"modified":"2023-06-23T11:57:40","modified_gmt":"2023-06-23T09:57:40","slug":"x-pression-prepeigne-deep-violet-2","status":"publish","type":"product","link":"https:\/\/www.laperlavalles.cat\/fr\/produit\/x-pression-prepeigne-deep-violet-2\/","title":{"rendered":"X-PRESSION PREPEIGN\u00c9 DEEP VIOLET"},"content":{"rendered":"<p>Extensions de cheveux artificiels \u00e0 base de fibre de kanekalon X-pression pre-peign\u00e9.<\/p>\n","protected":false},"excerpt":{"rendered":"<p>Extensions de cheveux artificiels \u00e0 base de fibre de kanekalon X-pression pre-peign\u00e9.<\/p>\n","protected":false},"featured_media":167719,"comment_status":"open","ping_status":"closed","template":"","meta":[],"product_cat":[8462,8605],"product_tag":[],"_links":{"self":[{"href":"https:\/\/www.laperlavalles.cat\/fr\/wp-json\/wp\/v2\/product\/76590"}],"collection":[{"href":"https:\/\/www.laperlavalles.cat\/fr\/wp-json\/wp\/v2\/product"}],"about":[{"href":"https:\/\/www.laperlavalles.cat\/fr\/wp-json\/wp\/v2\/types\/product"}],"replies":[{"embeddable":true,"href":"https:\/\/www.laperlavalles.cat\/fr\/wp-json\/wp\/v2\/comments?post=76590"}],"wp:featuredmedia":[{"embeddable":true,"href":"https:\/\/www.laperlavalles.cat\/fr\/wp-json\/wp\/v2\/media\/167719"}],"wp:attachment":[{"href":"https:\/\/www.laperlavalles.cat\/fr\/wp-json\/wp\/v2\/media?parent=76590"}],"wp:term":[{"taxonomy":"product_cat","embeddable":true,"href":"https:\/\/www.laperlavalles.cat\/fr\/wp-json\/wp\/v2\/product_cat?post=76590"},{"taxonomy":"product_tag","embeddable":true,"href":"https:\/\/www.laperlavalles.cat\/fr\/wp-json\/wp\/v2\/product_tag?post=76590"}],"curies":[{"name":"wp","href":"https:\/\/api.w.org\/{rel}","templated":true}]}}