{"id":77310,"date":"2021-07-13T00:05:37","date_gmt":"2021-07-12T22:05:51","guid":{"rendered":"https:\/\/www.laperlavalles2.bcntic.com\/product\/x-pression-prepeigne-white-2\/"},"modified":"2023-06-23T12:06:52","modified_gmt":"2023-06-23T10:06:52","slug":"x-pression-prepeigne-white-2","status":"publish","type":"product","link":"https:\/\/www.laperlavalles.cat\/fr\/produit\/x-pression-prepeigne-white-2\/","title":{"rendered":"X-PRESSION PREPEIGN\u00c9 WHITE"},"content":{"rendered":"<p>Extensions de cheveux artificiels \u00e0 base de fibre de kanekalon X-pression pre-peign\u00e9.<\/p>\n","protected":false},"excerpt":{"rendered":"<p>Extensions de cheveux artificiels \u00e0 base de fibre de kanekalon X-pression pre-peign\u00e9.<\/p>\n","protected":false},"featured_media":168135,"comment_status":"open","ping_status":"closed","template":"","meta":[],"product_cat":[8462,8605],"product_tag":[],"_links":{"self":[{"href":"https:\/\/www.laperlavalles.cat\/fr\/wp-json\/wp\/v2\/product\/77310"}],"collection":[{"href":"https:\/\/www.laperlavalles.cat\/fr\/wp-json\/wp\/v2\/product"}],"about":[{"href":"https:\/\/www.laperlavalles.cat\/fr\/wp-json\/wp\/v2\/types\/product"}],"replies":[{"embeddable":true,"href":"https:\/\/www.laperlavalles.cat\/fr\/wp-json\/wp\/v2\/comments?post=77310"}],"wp:featuredmedia":[{"embeddable":true,"href":"https:\/\/www.laperlavalles.cat\/fr\/wp-json\/wp\/v2\/media\/168135"}],"wp:attachment":[{"href":"https:\/\/www.laperlavalles.cat\/fr\/wp-json\/wp\/v2\/media?parent=77310"}],"wp:term":[{"taxonomy":"product_cat","embeddable":true,"href":"https:\/\/www.laperlavalles.cat\/fr\/wp-json\/wp\/v2\/product_cat?post=77310"},{"taxonomy":"product_tag","embeddable":true,"href":"https:\/\/www.laperlavalles.cat\/fr\/wp-json\/wp\/v2\/product_tag?post=77310"}],"curies":[{"name":"wp","href":"https:\/\/api.w.org\/{rel}","templated":true}]}}