{"id":80730,"date":"2021-07-13T01:11:32","date_gmt":"2021-07-12T23:11:47","guid":{"rendered":"https:\/\/www.laperlavalles2.bcntic.com\/product\/lizard-fume\/"},"modified":"2024-03-19T13:03:30","modified_gmt":"2024-03-19T12:03:30","slug":"lizard-fume","status":"publish","type":"product","link":"https:\/\/www.laperlavalles.cat\/fr\/produit\/lizard-fume\/","title":{"rendered":"LIZARD FUM\u00c9"},"content":{"rendered":"<p>L\u00e9zard fum\u00e9. Nous sommes experts dans l&rsquo;importation et la distribution de poissons et filets de poissons r\u00e9frig\u00e9r\u00e9s pour des recettes africaines.<\/p>\n","protected":false},"excerpt":{"rendered":"<p>L\u00e9zard fum\u00e9. Nous sommes experts dans l&rsquo;importation et la distribution de poissons et filets de poissons r\u00e9frig\u00e9r\u00e9s pour des recettes africaines.<\/p>\n","protected":false},"featured_media":160039,"comment_status":"open","ping_status":"closed","template":"","meta":[],"product_cat":[8459,8609],"product_tag":[],"_links":{"self":[{"href":"https:\/\/www.laperlavalles.cat\/fr\/wp-json\/wp\/v2\/product\/80730"}],"collection":[{"href":"https:\/\/www.laperlavalles.cat\/fr\/wp-json\/wp\/v2\/product"}],"about":[{"href":"https:\/\/www.laperlavalles.cat\/fr\/wp-json\/wp\/v2\/types\/product"}],"replies":[{"embeddable":true,"href":"https:\/\/www.laperlavalles.cat\/fr\/wp-json\/wp\/v2\/comments?post=80730"}],"wp:featuredmedia":[{"embeddable":true,"href":"https:\/\/www.laperlavalles.cat\/fr\/wp-json\/wp\/v2\/media\/160039"}],"wp:attachment":[{"href":"https:\/\/www.laperlavalles.cat\/fr\/wp-json\/wp\/v2\/media?parent=80730"}],"wp:term":[{"taxonomy":"product_cat","embeddable":true,"href":"https:\/\/www.laperlavalles.cat\/fr\/wp-json\/wp\/v2\/product_cat?post=80730"},{"taxonomy":"product_tag","embeddable":true,"href":"https:\/\/www.laperlavalles.cat\/fr\/wp-json\/wp\/v2\/product_tag?post=80730"}],"curies":[{"name":"wp","href":"https:\/\/api.w.org\/{rel}","templated":true}]}}