{"id":80970,"date":"2021-07-13T01:16:24","date_gmt":"2021-07-12T23:16:39","guid":{"rendered":"https:\/\/www.laperlavalles2.bcntic.com\/product\/barracuda-ring-entiere-fume-surgelee\/"},"modified":"2025-07-08T13:25:54","modified_gmt":"2025-07-08T11:25:54","slug":"barracuda-ring-entiere-fume-surgelee","status":"publish","type":"product","link":"https:\/\/www.laperlavalles.cat\/fr\/produit\/barracuda-ring-entiere-fume-surgelee\/","title":{"rendered":"BARRACUDA RING ENTI\u00c8RE FUM\u00c9 SURGELE\u00c9"},"content":{"rendered":"<p>Barracuda ring fum\u00e9 surgel\u00e9e.<\/p>\n","protected":false},"excerpt":{"rendered":"<p>Barracuda ring fum\u00e9 surgel\u00e9e.<\/p>\n","protected":false},"featured_media":164663,"comment_status":"open","ping_status":"closed","template":"","meta":[],"product_cat":[8459,8610],"product_tag":[],"_links":{"self":[{"href":"https:\/\/www.laperlavalles.cat\/fr\/wp-json\/wp\/v2\/product\/80970"}],"collection":[{"href":"https:\/\/www.laperlavalles.cat\/fr\/wp-json\/wp\/v2\/product"}],"about":[{"href":"https:\/\/www.laperlavalles.cat\/fr\/wp-json\/wp\/v2\/types\/product"}],"replies":[{"embeddable":true,"href":"https:\/\/www.laperlavalles.cat\/fr\/wp-json\/wp\/v2\/comments?post=80970"}],"wp:featuredmedia":[{"embeddable":true,"href":"https:\/\/www.laperlavalles.cat\/fr\/wp-json\/wp\/v2\/media\/164663"}],"wp:attachment":[{"href":"https:\/\/www.laperlavalles.cat\/fr\/wp-json\/wp\/v2\/media?parent=80970"}],"wp:term":[{"taxonomy":"product_cat","embeddable":true,"href":"https:\/\/www.laperlavalles.cat\/fr\/wp-json\/wp\/v2\/product_cat?post=80970"},{"taxonomy":"product_tag","embeddable":true,"href":"https:\/\/www.laperlavalles.cat\/fr\/wp-json\/wp\/v2\/product_tag?post=80970"}],"curies":[{"name":"wp","href":"https:\/\/api.w.org\/{rel}","templated":true}]}}