{"id":81050,"date":"2021-07-13T01:17:44","date_gmt":"2021-07-12T23:17:58","guid":{"rendered":"https:\/\/www.laperlavalles2.bcntic.com\/product\/maquereau-surgele-300-500gr\/"},"modified":"2023-06-23T09:02:31","modified_gmt":"2023-06-23T07:02:31","slug":"maquereau-surgele-300-500gr","status":"publish","type":"product","link":"https:\/\/www.laperlavalles.cat\/fr\/produit\/maquereau-surgele-300-500gr\/","title":{"rendered":"MAQUEREAU SURGEL\u00c9 300-500GR"},"content":{"rendered":"<p>Maquereau congel\u00e9. Taille de la pi\u00e8ce 300-500gr.<\/p>\n","protected":false},"excerpt":{"rendered":"<p>Maquereau congel\u00e9. Taille de la pi\u00e8ce 300-500gr.<\/p>\n","protected":false},"featured_media":159799,"comment_status":"open","ping_status":"closed","template":"","meta":[],"product_cat":[8459,8610],"product_tag":[],"_links":{"self":[{"href":"https:\/\/www.laperlavalles.cat\/fr\/wp-json\/wp\/v2\/product\/81050"}],"collection":[{"href":"https:\/\/www.laperlavalles.cat\/fr\/wp-json\/wp\/v2\/product"}],"about":[{"href":"https:\/\/www.laperlavalles.cat\/fr\/wp-json\/wp\/v2\/types\/product"}],"replies":[{"embeddable":true,"href":"https:\/\/www.laperlavalles.cat\/fr\/wp-json\/wp\/v2\/comments?post=81050"}],"wp:featuredmedia":[{"embeddable":true,"href":"https:\/\/www.laperlavalles.cat\/fr\/wp-json\/wp\/v2\/media\/159799"}],"wp:attachment":[{"href":"https:\/\/www.laperlavalles.cat\/fr\/wp-json\/wp\/v2\/media?parent=81050"}],"wp:term":[{"taxonomy":"product_cat","embeddable":true,"href":"https:\/\/www.laperlavalles.cat\/fr\/wp-json\/wp\/v2\/product_cat?post=81050"},{"taxonomy":"product_tag","embeddable":true,"href":"https:\/\/www.laperlavalles.cat\/fr\/wp-json\/wp\/v2\/product_tag?post=81050"}],"curies":[{"name":"wp","href":"https:\/\/api.w.org\/{rel}","templated":true}]}}