{"id":81070,"date":"2021-07-13T01:18:07","date_gmt":"2021-07-12T23:18:22","guid":{"rendered":"https:\/\/www.laperlavalles2.bcntic.com\/product\/maquereau-fume-surgelee\/"},"modified":"2023-06-23T09:02:53","modified_gmt":"2023-06-23T07:02:53","slug":"maquereau-fume-surgelee","status":"publish","type":"product","link":"https:\/\/www.laperlavalles.cat\/fr\/produit\/maquereau-fume-surgelee\/","title":{"rendered":"MAQUEREAU FUM\u00c9 SURGELE\u00c9"},"content":{"rendered":"<p>Maquereau fum\u00e9 congel\u00e9.<\/p>\n","protected":false},"excerpt":{"rendered":"<p>Maquereau fum\u00e9 congel\u00e9.<\/p>\n","protected":false},"featured_media":159815,"comment_status":"open","ping_status":"closed","template":"","meta":[],"product_cat":[8459,8610],"product_tag":[],"_links":{"self":[{"href":"https:\/\/www.laperlavalles.cat\/fr\/wp-json\/wp\/v2\/product\/81070"}],"collection":[{"href":"https:\/\/www.laperlavalles.cat\/fr\/wp-json\/wp\/v2\/product"}],"about":[{"href":"https:\/\/www.laperlavalles.cat\/fr\/wp-json\/wp\/v2\/types\/product"}],"replies":[{"embeddable":true,"href":"https:\/\/www.laperlavalles.cat\/fr\/wp-json\/wp\/v2\/comments?post=81070"}],"wp:featuredmedia":[{"embeddable":true,"href":"https:\/\/www.laperlavalles.cat\/fr\/wp-json\/wp\/v2\/media\/159815"}],"wp:attachment":[{"href":"https:\/\/www.laperlavalles.cat\/fr\/wp-json\/wp\/v2\/media?parent=81070"}],"wp:term":[{"taxonomy":"product_cat","embeddable":true,"href":"https:\/\/www.laperlavalles.cat\/fr\/wp-json\/wp\/v2\/product_cat?post=81070"},{"taxonomy":"product_tag","embeddable":true,"href":"https:\/\/www.laperlavalles.cat\/fr\/wp-json\/wp\/v2\/product_tag?post=81070"}],"curies":[{"name":"wp","href":"https:\/\/api.w.org\/{rel}","templated":true}]}}