{"id":81270,"date":"2021-07-13T01:21:33","date_gmt":"2021-07-12T23:21:48","guid":{"rendered":"https:\/\/www.laperlavalles2.bcntic.com\/product\/poule-entiere-fume-et-surgele\/"},"modified":"2023-06-23T08:59:05","modified_gmt":"2023-06-23T06:59:05","slug":"poule-entiere-fume-et-surgele","status":"publish","type":"product","link":"https:\/\/www.laperlavalles.cat\/fr\/produit\/poule-entiere-fume-et-surgele\/","title":{"rendered":"POULE ENTIERE FUM\u00c9 ET SURGEL\u00c9"},"content":{"rendered":"<p>Poulet entier fum\u00e9 et surgel\u00e9.<\/p>\n","protected":false},"excerpt":{"rendered":"<p>Poulet entier fum\u00e9 et surgel\u00e9.<\/p>\n","protected":false},"featured_media":159639,"comment_status":"open","ping_status":"closed","template":"","meta":[],"product_cat":[8458,8611],"product_tag":[],"_links":{"self":[{"href":"https:\/\/www.laperlavalles.cat\/fr\/wp-json\/wp\/v2\/product\/81270"}],"collection":[{"href":"https:\/\/www.laperlavalles.cat\/fr\/wp-json\/wp\/v2\/product"}],"about":[{"href":"https:\/\/www.laperlavalles.cat\/fr\/wp-json\/wp\/v2\/types\/product"}],"replies":[{"embeddable":true,"href":"https:\/\/www.laperlavalles.cat\/fr\/wp-json\/wp\/v2\/comments?post=81270"}],"wp:featuredmedia":[{"embeddable":true,"href":"https:\/\/www.laperlavalles.cat\/fr\/wp-json\/wp\/v2\/media\/159639"}],"wp:attachment":[{"href":"https:\/\/www.laperlavalles.cat\/fr\/wp-json\/wp\/v2\/media?parent=81270"}],"wp:term":[{"taxonomy":"product_cat","embeddable":true,"href":"https:\/\/www.laperlavalles.cat\/fr\/wp-json\/wp\/v2\/product_cat?post=81270"},{"taxonomy":"product_tag","embeddable":true,"href":"https:\/\/www.laperlavalles.cat\/fr\/wp-json\/wp\/v2\/product_tag?post=81270"}],"curies":[{"name":"wp","href":"https:\/\/api.w.org\/{rel}","templated":true}]}}