{"id":81330,"date":"2021-07-13T01:22:36","date_gmt":"2021-07-12T23:22:51","guid":{"rendered":"https:\/\/www.laperlavalles2.bcntic.com\/product\/dindon-gesiers-surgelees\/"},"modified":"2023-06-23T08:59:46","modified_gmt":"2023-06-23T06:59:46","slug":"dindon-gesiers-surgelees","status":"publish","type":"product","link":"https:\/\/www.laperlavalles.cat\/fr\/produit\/dindon-gesiers-surgelees\/","title":{"rendered":"DINDON G\u00c9SIERS SURGEL\u00c9ES"},"content":{"rendered":"<p>G\u00e9siers de dinde surgel\u00e9s.<\/p>\n","protected":false},"excerpt":{"rendered":"<p>G\u00e9siers de dinde surgel\u00e9s.<\/p>\n","protected":false},"featured_media":159671,"comment_status":"open","ping_status":"closed","template":"","meta":[],"product_cat":[8458,8611],"product_tag":[],"_links":{"self":[{"href":"https:\/\/www.laperlavalles.cat\/fr\/wp-json\/wp\/v2\/product\/81330"}],"collection":[{"href":"https:\/\/www.laperlavalles.cat\/fr\/wp-json\/wp\/v2\/product"}],"about":[{"href":"https:\/\/www.laperlavalles.cat\/fr\/wp-json\/wp\/v2\/types\/product"}],"replies":[{"embeddable":true,"href":"https:\/\/www.laperlavalles.cat\/fr\/wp-json\/wp\/v2\/comments?post=81330"}],"wp:featuredmedia":[{"embeddable":true,"href":"https:\/\/www.laperlavalles.cat\/fr\/wp-json\/wp\/v2\/media\/159671"}],"wp:attachment":[{"href":"https:\/\/www.laperlavalles.cat\/fr\/wp-json\/wp\/v2\/media?parent=81330"}],"wp:term":[{"taxonomy":"product_cat","embeddable":true,"href":"https:\/\/www.laperlavalles.cat\/fr\/wp-json\/wp\/v2\/product_cat?post=81330"},{"taxonomy":"product_tag","embeddable":true,"href":"https:\/\/www.laperlavalles.cat\/fr\/wp-json\/wp\/v2\/product_tag?post=81330"}],"curies":[{"name":"wp","href":"https:\/\/api.w.org\/{rel}","templated":true}]}}