{"id":81370,"date":"2021-07-13T01:23:20","date_gmt":"2021-07-12T23:23:35","guid":{"rendered":"https:\/\/www.laperlavalles2.bcntic.com\/product\/cuisse-de-poulet-surgelees\/"},"modified":"2023-08-29T13:22:36","modified_gmt":"2023-08-29T11:22:36","slug":"cuisse-de-poulet-surgelees","status":"publish","type":"product","link":"https:\/\/www.laperlavalles.cat\/fr\/produit\/cuisse-de-poulet-surgelees\/","title":{"rendered":"CUISSE DE POULET SURGEL\u00c9ES"},"content":{"rendered":"<p>Cuisses de poulet surgel\u00e9es adapt\u00e9es aux r\u00e9gimes halal.<\/p>\n","protected":false},"excerpt":{"rendered":"<p>Cuisses de poulet surgel\u00e9es adapt\u00e9es aux r\u00e9gimes halal.<\/p>\n","protected":false},"featured_media":159703,"comment_status":"open","ping_status":"closed","template":"","meta":[],"product_cat":[8458,8611],"product_tag":[],"_links":{"self":[{"href":"https:\/\/www.laperlavalles.cat\/fr\/wp-json\/wp\/v2\/product\/81370"}],"collection":[{"href":"https:\/\/www.laperlavalles.cat\/fr\/wp-json\/wp\/v2\/product"}],"about":[{"href":"https:\/\/www.laperlavalles.cat\/fr\/wp-json\/wp\/v2\/types\/product"}],"replies":[{"embeddable":true,"href":"https:\/\/www.laperlavalles.cat\/fr\/wp-json\/wp\/v2\/comments?post=81370"}],"wp:featuredmedia":[{"embeddable":true,"href":"https:\/\/www.laperlavalles.cat\/fr\/wp-json\/wp\/v2\/media\/159703"}],"wp:attachment":[{"href":"https:\/\/www.laperlavalles.cat\/fr\/wp-json\/wp\/v2\/media?parent=81370"}],"wp:term":[{"taxonomy":"product_cat","embeddable":true,"href":"https:\/\/www.laperlavalles.cat\/fr\/wp-json\/wp\/v2\/product_cat?post=81370"},{"taxonomy":"product_tag","embeddable":true,"href":"https:\/\/www.laperlavalles.cat\/fr\/wp-json\/wp\/v2\/product_tag?post=81370"}],"curies":[{"name":"wp","href":"https:\/\/api.w.org\/{rel}","templated":true}]}}