{"id":81410,"date":"2021-07-13T01:24:06","date_gmt":"2021-07-12T23:24:21","guid":{"rendered":"https:\/\/www.laperlavalles2.bcntic.com\/product\/ailes-de-poulet-surgeles\/"},"modified":"2023-06-23T10:56:00","modified_gmt":"2023-06-23T08:56:00","slug":"ailes-de-poulet-surgeles","status":"publish","type":"product","link":"https:\/\/www.laperlavalles.cat\/fr\/produit\/ailes-de-poulet-surgeles\/","title":{"rendered":"AILES DE POULET SURGEL\u00c9S"},"content":{"rendered":"<p>Ailes de poulet surgel\u00e9es adapt\u00e9es aux r\u00e9gimes halal.<\/p>\n","protected":false},"excerpt":{"rendered":"<p>Ailes de poulet surgel\u00e9es adapt\u00e9es aux r\u00e9gimes halal.<\/p>\n","protected":false},"featured_media":164919,"comment_status":"open","ping_status":"closed","template":"","meta":[],"product_cat":[8458,8611],"product_tag":[],"_links":{"self":[{"href":"https:\/\/www.laperlavalles.cat\/fr\/wp-json\/wp\/v2\/product\/81410"}],"collection":[{"href":"https:\/\/www.laperlavalles.cat\/fr\/wp-json\/wp\/v2\/product"}],"about":[{"href":"https:\/\/www.laperlavalles.cat\/fr\/wp-json\/wp\/v2\/types\/product"}],"replies":[{"embeddable":true,"href":"https:\/\/www.laperlavalles.cat\/fr\/wp-json\/wp\/v2\/comments?post=81410"}],"wp:featuredmedia":[{"embeddable":true,"href":"https:\/\/www.laperlavalles.cat\/fr\/wp-json\/wp\/v2\/media\/164919"}],"wp:attachment":[{"href":"https:\/\/www.laperlavalles.cat\/fr\/wp-json\/wp\/v2\/media?parent=81410"}],"wp:term":[{"taxonomy":"product_cat","embeddable":true,"href":"https:\/\/www.laperlavalles.cat\/fr\/wp-json\/wp\/v2\/product_cat?post=81410"},{"taxonomy":"product_tag","embeddable":true,"href":"https:\/\/www.laperlavalles.cat\/fr\/wp-json\/wp\/v2\/product_tag?post=81410"}],"curies":[{"name":"wp","href":"https:\/\/api.w.org\/{rel}","templated":true}]}}