{"id":81450,"date":"2021-07-13T01:24:49","date_gmt":"2021-07-12T23:25:03","guid":{"rendered":"https:\/\/www.laperlavalles2.bcntic.com\/product\/boulettes-de-viande-halah\/"},"modified":"2025-09-29T14:52:21","modified_gmt":"2025-09-29T12:52:21","slug":"boulettes-de-viande-halah","status":"publish","type":"product","link":"https:\/\/www.laperlavalles.cat\/fr\/produit\/boulettes-de-viande-halah\/","title":{"rendered":"BOULETTES DE VIANDE HALAH"},"content":{"rendered":"<p>Boulettes de viande de b\u0153uf surgel\u00e9es adapt\u00e9es aux r\u00e9gimes halal.<\/p>\n","protected":false},"excerpt":{"rendered":"<p>Boulettes de viande de b\u0153uf surgel\u00e9es adapt\u00e9es aux r\u00e9gimes halal.<\/p>\n","protected":false},"featured_media":161895,"comment_status":"open","ping_status":"closed","template":"","meta":[],"product_cat":[8458,8611],"product_tag":[],"_links":{"self":[{"href":"https:\/\/www.laperlavalles.cat\/fr\/wp-json\/wp\/v2\/product\/81450"}],"collection":[{"href":"https:\/\/www.laperlavalles.cat\/fr\/wp-json\/wp\/v2\/product"}],"about":[{"href":"https:\/\/www.laperlavalles.cat\/fr\/wp-json\/wp\/v2\/types\/product"}],"replies":[{"embeddable":true,"href":"https:\/\/www.laperlavalles.cat\/fr\/wp-json\/wp\/v2\/comments?post=81450"}],"wp:featuredmedia":[{"embeddable":true,"href":"https:\/\/www.laperlavalles.cat\/fr\/wp-json\/wp\/v2\/media\/161895"}],"wp:attachment":[{"href":"https:\/\/www.laperlavalles.cat\/fr\/wp-json\/wp\/v2\/media?parent=81450"}],"wp:term":[{"taxonomy":"product_cat","embeddable":true,"href":"https:\/\/www.laperlavalles.cat\/fr\/wp-json\/wp\/v2\/product_cat?post=81450"},{"taxonomy":"product_tag","embeddable":true,"href":"https:\/\/www.laperlavalles.cat\/fr\/wp-json\/wp\/v2\/product_tag?post=81450"}],"curies":[{"name":"wp","href":"https:\/\/api.w.org\/{rel}","templated":true}]}}