{"id":81750,"date":"2021-07-13T01:29:52","date_gmt":"2021-07-12T23:30:08","guid":{"rendered":"https:\/\/www.laperlavalles2.bcntic.com\/product\/iagatu-surgele\/"},"modified":"2023-06-23T09:05:38","modified_gmt":"2023-06-23T07:05:38","slug":"iagatu-surgele","status":"publish","type":"product","link":"https:\/\/www.laperlavalles.cat\/fr\/produit\/iagatu-surgele\/","title":{"rendered":"IAGATU SURGEL\u00c9"},"content":{"rendered":"<p>Iagat\u00fa: Auberginies congel\u00e9s du Mali.<\/p>\n","protected":false},"excerpt":{"rendered":"<p>Iagat\u00fa: Auberginies congel\u00e9s du Mali.<\/p>\n","protected":false},"featured_media":159943,"comment_status":"open","ping_status":"closed","template":"","meta":[],"product_cat":[8460,8613],"product_tag":[],"_links":{"self":[{"href":"https:\/\/www.laperlavalles.cat\/fr\/wp-json\/wp\/v2\/product\/81750"}],"collection":[{"href":"https:\/\/www.laperlavalles.cat\/fr\/wp-json\/wp\/v2\/product"}],"about":[{"href":"https:\/\/www.laperlavalles.cat\/fr\/wp-json\/wp\/v2\/types\/product"}],"replies":[{"embeddable":true,"href":"https:\/\/www.laperlavalles.cat\/fr\/wp-json\/wp\/v2\/comments?post=81750"}],"wp:featuredmedia":[{"embeddable":true,"href":"https:\/\/www.laperlavalles.cat\/fr\/wp-json\/wp\/v2\/media\/159943"}],"wp:attachment":[{"href":"https:\/\/www.laperlavalles.cat\/fr\/wp-json\/wp\/v2\/media?parent=81750"}],"wp:term":[{"taxonomy":"product_cat","embeddable":true,"href":"https:\/\/www.laperlavalles.cat\/fr\/wp-json\/wp\/v2\/product_cat?post=81750"},{"taxonomy":"product_tag","embeddable":true,"href":"https:\/\/www.laperlavalles.cat\/fr\/wp-json\/wp\/v2\/product_tag?post=81750"}],"curies":[{"name":"wp","href":"https:\/\/api.w.org\/{rel}","templated":true}]}}