{"id":81810,"date":"2021-07-13T01:31:00","date_gmt":"2021-07-12T23:31:16","guid":{"rendered":"https:\/\/www.laperlavalles2.bcntic.com\/product\/saka-saka-surgelee\/"},"modified":"2022-06-24T13:44:28","modified_gmt":"2022-06-24T11:44:28","slug":"saka-saka-surgelee","status":"publish","type":"product","link":"https:\/\/www.laperlavalles.cat\/fr\/produit\/saka-saka-surgelee\/","title":{"rendered":"SAKA SAKA SURGEL\u00c9E"},"content":{"rendered":"<p>Saka saka: feuilles de manioc coup\u00e9es et surgel\u00e9es.<\/p>\n","protected":false},"excerpt":{"rendered":"<p>Saka saka: feuilles de manioc coup\u00e9es et surgel\u00e9es.<\/p>\n","protected":false},"featured_media":99790,"comment_status":"open","ping_status":"closed","template":"","meta":[],"product_cat":[8460,8613],"product_tag":[],"_links":{"self":[{"href":"https:\/\/www.laperlavalles.cat\/fr\/wp-json\/wp\/v2\/product\/81810"}],"collection":[{"href":"https:\/\/www.laperlavalles.cat\/fr\/wp-json\/wp\/v2\/product"}],"about":[{"href":"https:\/\/www.laperlavalles.cat\/fr\/wp-json\/wp\/v2\/types\/product"}],"replies":[{"embeddable":true,"href":"https:\/\/www.laperlavalles.cat\/fr\/wp-json\/wp\/v2\/comments?post=81810"}],"wp:featuredmedia":[{"embeddable":true,"href":"https:\/\/www.laperlavalles.cat\/fr\/wp-json\/wp\/v2\/media\/99790"}],"wp:attachment":[{"href":"https:\/\/www.laperlavalles.cat\/fr\/wp-json\/wp\/v2\/media?parent=81810"}],"wp:term":[{"taxonomy":"product_cat","embeddable":true,"href":"https:\/\/www.laperlavalles.cat\/fr\/wp-json\/wp\/v2\/product_cat?post=81810"},{"taxonomy":"product_tag","embeddable":true,"href":"https:\/\/www.laperlavalles.cat\/fr\/wp-json\/wp\/v2\/product_tag?post=81810"}],"curies":[{"name":"wp","href":"https:\/\/api.w.org\/{rel}","templated":true}]}}