{"id":81930,"date":"2021-07-13T01:33:21","date_gmt":"2021-07-12T23:33:36","guid":{"rendered":"https:\/\/www.laperlavalles2.bcntic.com\/product\/feuilles-de-banane-surgelees-aroy-d\/"},"modified":"2024-07-02T18:11:39","modified_gmt":"2024-07-02T16:11:39","slug":"feuilles-de-banane-surgelees-aroy-d","status":"publish","type":"product","link":"https:\/\/www.laperlavalles.cat\/fr\/produit\/feuilles-de-banane-surgelees-aroy-d\/","title":{"rendered":"FEUILLES DE BANANE SURGEL\u00c9ES AROY-D"},"content":{"rendered":"<p>Feuilles de bananier congel\u00e9es Aroy-D originaires de Tha\u00eflande.<\/p>\n","protected":false},"excerpt":{"rendered":"<p>Feuilles de bananier congel\u00e9es Aroy-D originaires de Tha\u00eflande.<\/p>\n","protected":false},"featured_media":164681,"comment_status":"open","ping_status":"closed","template":"","meta":[],"product_cat":[10616],"product_tag":[],"_links":{"self":[{"href":"https:\/\/www.laperlavalles.cat\/fr\/wp-json\/wp\/v2\/product\/81930"}],"collection":[{"href":"https:\/\/www.laperlavalles.cat\/fr\/wp-json\/wp\/v2\/product"}],"about":[{"href":"https:\/\/www.laperlavalles.cat\/fr\/wp-json\/wp\/v2\/types\/product"}],"replies":[{"embeddable":true,"href":"https:\/\/www.laperlavalles.cat\/fr\/wp-json\/wp\/v2\/comments?post=81930"}],"wp:featuredmedia":[{"embeddable":true,"href":"https:\/\/www.laperlavalles.cat\/fr\/wp-json\/wp\/v2\/media\/164681"}],"wp:attachment":[{"href":"https:\/\/www.laperlavalles.cat\/fr\/wp-json\/wp\/v2\/media?parent=81930"}],"wp:term":[{"taxonomy":"product_cat","embeddable":true,"href":"https:\/\/www.laperlavalles.cat\/fr\/wp-json\/wp\/v2\/product_cat?post=81930"},{"taxonomy":"product_tag","embeddable":true,"href":"https:\/\/www.laperlavalles.cat\/fr\/wp-json\/wp\/v2\/product_tag?post=81930"}],"curies":[{"name":"wp","href":"https:\/\/api.w.org\/{rel}","templated":true}]}}