{"id":81950,"date":"2021-07-13T01:33:44","date_gmt":"2021-07-12T23:34:00","guid":{"rendered":"https:\/\/www.laperlavalles2.bcntic.com\/product\/batonnets-de-manioc-bajocero\/"},"modified":"2023-06-23T10:51:03","modified_gmt":"2023-06-23T08:51:03","slug":"batonnets-de-manioc-bajocero","status":"publish","type":"product","link":"https:\/\/www.laperlavalles.cat\/fr\/produit\/batonnets-de-manioc-bajocero\/","title":{"rendered":"BATONNETS DE MANIOC BAJOCERO"},"content":{"rendered":"<p>Manioc uca colle Bajocero. Manioc surgel\u00e9 coup\u00e9 en b\u00e2tonnets.<\/p>\n","protected":false},"excerpt":{"rendered":"<p>Manioc uca colle Bajocero. Manioc surgel\u00e9 coup\u00e9 en b\u00e2tonnets.<\/p>\n","protected":false},"featured_media":164697,"comment_status":"open","ping_status":"closed","template":"","meta":[],"product_cat":[8460,8613],"product_tag":[],"_links":{"self":[{"href":"https:\/\/www.laperlavalles.cat\/fr\/wp-json\/wp\/v2\/product\/81950"}],"collection":[{"href":"https:\/\/www.laperlavalles.cat\/fr\/wp-json\/wp\/v2\/product"}],"about":[{"href":"https:\/\/www.laperlavalles.cat\/fr\/wp-json\/wp\/v2\/types\/product"}],"replies":[{"embeddable":true,"href":"https:\/\/www.laperlavalles.cat\/fr\/wp-json\/wp\/v2\/comments?post=81950"}],"wp:featuredmedia":[{"embeddable":true,"href":"https:\/\/www.laperlavalles.cat\/fr\/wp-json\/wp\/v2\/media\/164697"}],"wp:attachment":[{"href":"https:\/\/www.laperlavalles.cat\/fr\/wp-json\/wp\/v2\/media?parent=81950"}],"wp:term":[{"taxonomy":"product_cat","embeddable":true,"href":"https:\/\/www.laperlavalles.cat\/fr\/wp-json\/wp\/v2\/product_cat?post=81950"},{"taxonomy":"product_tag","embeddable":true,"href":"https:\/\/www.laperlavalles.cat\/fr\/wp-json\/wp\/v2\/product_tag?post=81950"}],"curies":[{"name":"wp","href":"https:\/\/api.w.org\/{rel}","templated":true}]}}