{"id":82050,"date":"2021-07-13T01:35:46","date_gmt":"2021-07-12T23:36:01","guid":{"rendered":"https:\/\/www.laperlavalles2.bcntic.com\/product\/sancocho-bajocero-2\/"},"modified":"2023-06-23T10:52:43","modified_gmt":"2023-06-23T08:52:43","slug":"sancocho-bajocero-2","status":"publish","type":"product","link":"https:\/\/www.laperlavalles.cat\/fr\/produit\/sancocho-bajocero-2\/","title":{"rendered":"SANCOCHO BAJOCERO"},"content":{"rendered":"<p>Sanchoco Bajocero. Pomme de terre pr\u00e9par\u00e9e, tapioca et autres tubercules surgel\u00e9s.<\/p>\n","protected":false},"excerpt":{"rendered":"<p>Sanchoco Bajocero. Pomme de terre pr\u00e9par\u00e9e, tapioca et autres tubercules surgel\u00e9s.<\/p>\n","protected":false},"featured_media":164777,"comment_status":"open","ping_status":"closed","template":"","meta":[],"product_cat":[8460,8613],"product_tag":[],"_links":{"self":[{"href":"https:\/\/www.laperlavalles.cat\/fr\/wp-json\/wp\/v2\/product\/82050"}],"collection":[{"href":"https:\/\/www.laperlavalles.cat\/fr\/wp-json\/wp\/v2\/product"}],"about":[{"href":"https:\/\/www.laperlavalles.cat\/fr\/wp-json\/wp\/v2\/types\/product"}],"replies":[{"embeddable":true,"href":"https:\/\/www.laperlavalles.cat\/fr\/wp-json\/wp\/v2\/comments?post=82050"}],"wp:featuredmedia":[{"embeddable":true,"href":"https:\/\/www.laperlavalles.cat\/fr\/wp-json\/wp\/v2\/media\/164777"}],"wp:attachment":[{"href":"https:\/\/www.laperlavalles.cat\/fr\/wp-json\/wp\/v2\/media?parent=82050"}],"wp:term":[{"taxonomy":"product_cat","embeddable":true,"href":"https:\/\/www.laperlavalles.cat\/fr\/wp-json\/wp\/v2\/product_cat?post=82050"},{"taxonomy":"product_tag","embeddable":true,"href":"https:\/\/www.laperlavalles.cat\/fr\/wp-json\/wp\/v2\/product_tag?post=82050"}],"curies":[{"name":"wp","href":"https:\/\/api.w.org\/{rel}","templated":true}]}}