{"id":82110,"date":"2021-07-13T01:36:58","date_gmt":"2021-07-12T23:37:13","guid":{"rendered":"https:\/\/www.laperlavalles2.bcntic.com\/product\/choclo-cob-surgeles-3u-sandino\/"},"modified":"2023-06-23T13:08:23","modified_gmt":"2023-06-23T11:08:23","slug":"choclo-cob-surgeles-3u-sandino","status":"publish","type":"product","link":"https:\/\/www.laperlavalles.cat\/fr\/produit\/choclo-cob-surgeles-3u-sandino\/","title":{"rendered":"CHOCLO COB SURGEL\u00c9S 3U SANDINO"},"content":{"rendered":"<p>Ma\u00efs entier surgel\u00e9 Sandino. 3 unit\u00e9s par sac.<\/p>\n","protected":false},"excerpt":{"rendered":"<p>Ma\u00efs entier surgel\u00e9 Sandino. 3 unit\u00e9s par sac.<\/p>\n","protected":false},"featured_media":170889,"comment_status":"open","ping_status":"closed","template":"","meta":[],"product_cat":[8460,8613],"product_tag":[],"_links":{"self":[{"href":"https:\/\/www.laperlavalles.cat\/fr\/wp-json\/wp\/v2\/product\/82110"}],"collection":[{"href":"https:\/\/www.laperlavalles.cat\/fr\/wp-json\/wp\/v2\/product"}],"about":[{"href":"https:\/\/www.laperlavalles.cat\/fr\/wp-json\/wp\/v2\/types\/product"}],"replies":[{"embeddable":true,"href":"https:\/\/www.laperlavalles.cat\/fr\/wp-json\/wp\/v2\/comments?post=82110"}],"wp:featuredmedia":[{"embeddable":true,"href":"https:\/\/www.laperlavalles.cat\/fr\/wp-json\/wp\/v2\/media\/170889"}],"wp:attachment":[{"href":"https:\/\/www.laperlavalles.cat\/fr\/wp-json\/wp\/v2\/media?parent=82110"}],"wp:term":[{"taxonomy":"product_cat","embeddable":true,"href":"https:\/\/www.laperlavalles.cat\/fr\/wp-json\/wp\/v2\/product_cat?post=82110"},{"taxonomy":"product_tag","embeddable":true,"href":"https:\/\/www.laperlavalles.cat\/fr\/wp-json\/wp\/v2\/product_tag?post=82110"}],"curies":[{"name":"wp","href":"https:\/\/api.w.org\/{rel}","templated":true}]}}