{"id":82130,"date":"2021-07-13T01:37:22","date_gmt":"2021-07-12T23:37:37","guid":{"rendered":"https:\/\/www.laperlavalles2.bcntic.com\/product\/haricot-rouges-sandino\/"},"modified":"2023-07-03T11:52:28","modified_gmt":"2023-07-03T09:52:28","slug":"haricot-rouges-sandino","status":"publish","type":"product","link":"https:\/\/www.laperlavalles.cat\/fr\/produit\/haricot-rouges-sandino\/","title":{"rendered":"HARICOT ROUGES SANDINO"},"content":{"rendered":"<p>Haricots rouges Sandino. Haricots rouges surgel\u00e9s. L\u00e9gume surgel\u00e9 d&rsquo;Am\u00e9rique latine.<\/p>\n","protected":false},"excerpt":{"rendered":"<p>Haricots rouges Sandino. Haricots rouges surgel\u00e9s. L\u00e9gume surgel\u00e9 d&rsquo;Am\u00e9rique latine.<\/p>\n","protected":false},"featured_media":177191,"comment_status":"open","ping_status":"closed","template":"","meta":[],"product_cat":[8460,8613],"product_tag":[],"_links":{"self":[{"href":"https:\/\/www.laperlavalles.cat\/fr\/wp-json\/wp\/v2\/product\/82130"}],"collection":[{"href":"https:\/\/www.laperlavalles.cat\/fr\/wp-json\/wp\/v2\/product"}],"about":[{"href":"https:\/\/www.laperlavalles.cat\/fr\/wp-json\/wp\/v2\/types\/product"}],"replies":[{"embeddable":true,"href":"https:\/\/www.laperlavalles.cat\/fr\/wp-json\/wp\/v2\/comments?post=82130"}],"wp:featuredmedia":[{"embeddable":true,"href":"https:\/\/www.laperlavalles.cat\/fr\/wp-json\/wp\/v2\/media\/177191"}],"wp:attachment":[{"href":"https:\/\/www.laperlavalles.cat\/fr\/wp-json\/wp\/v2\/media?parent=82130"}],"wp:term":[{"taxonomy":"product_cat","embeddable":true,"href":"https:\/\/www.laperlavalles.cat\/fr\/wp-json\/wp\/v2\/product_cat?post=82130"},{"taxonomy":"product_tag","embeddable":true,"href":"https:\/\/www.laperlavalles.cat\/fr\/wp-json\/wp\/v2\/product_tag?post=82130"}],"curies":[{"name":"wp","href":"https:\/\/api.w.org\/{rel}","templated":true}]}}