{"id":82170,"date":"2021-07-13T01:38:09","date_gmt":"2021-07-12T23:38:25","guid":{"rendered":"https:\/\/www.laperlavalles2.bcntic.com\/product\/feuilles-de-choclo-sandino\/"},"modified":"2023-06-23T13:09:08","modified_gmt":"2023-06-23T11:09:08","slug":"feuilles-de-choclo-sandino","status":"publish","type":"product","link":"https:\/\/www.laperlavalles.cat\/fr\/produit\/feuilles-de-choclo-sandino\/","title":{"rendered":"FEUILLES DE CHOCLO SANDINO"},"content":{"rendered":"<p>Feuilles de ma\u00efs Sandino. Feuilles de ma\u00efs congel\u00e9es. L\u00e9gume surgel\u00e9 d&rsquo;Am\u00e9rique latine.<\/p>\n","protected":false},"excerpt":{"rendered":"<p>Feuilles de ma\u00efs Sandino. Feuilles de ma\u00efs congel\u00e9es. L\u00e9gume surgel\u00e9 d&rsquo;Am\u00e9rique latine.<\/p>\n","protected":false},"featured_media":170919,"comment_status":"open","ping_status":"closed","template":"","meta":[],"product_cat":[8460,8613],"product_tag":[],"_links":{"self":[{"href":"https:\/\/www.laperlavalles.cat\/fr\/wp-json\/wp\/v2\/product\/82170"}],"collection":[{"href":"https:\/\/www.laperlavalles.cat\/fr\/wp-json\/wp\/v2\/product"}],"about":[{"href":"https:\/\/www.laperlavalles.cat\/fr\/wp-json\/wp\/v2\/types\/product"}],"replies":[{"embeddable":true,"href":"https:\/\/www.laperlavalles.cat\/fr\/wp-json\/wp\/v2\/comments?post=82170"}],"wp:featuredmedia":[{"embeddable":true,"href":"https:\/\/www.laperlavalles.cat\/fr\/wp-json\/wp\/v2\/media\/170919"}],"wp:attachment":[{"href":"https:\/\/www.laperlavalles.cat\/fr\/wp-json\/wp\/v2\/media?parent=82170"}],"wp:term":[{"taxonomy":"product_cat","embeddable":true,"href":"https:\/\/www.laperlavalles.cat\/fr\/wp-json\/wp\/v2\/product_cat?post=82170"},{"taxonomy":"product_tag","embeddable":true,"href":"https:\/\/www.laperlavalles.cat\/fr\/wp-json\/wp\/v2\/product_tag?post=82170"}],"curies":[{"name":"wp","href":"https:\/\/api.w.org\/{rel}","templated":true}]}}