{"id":82410,"date":"2021-07-13T01:42:56","date_gmt":"2021-07-12T23:43:11","guid":{"rendered":"https:\/\/www.laperlavalles2.bcntic.com\/product\/choclo-surgeles-sandino\/"},"modified":"2023-06-23T12:23:26","modified_gmt":"2023-06-23T10:23:26","slug":"choclo-surgeles-sandino","status":"publish","type":"product","link":"https:\/\/www.laperlavalles.cat\/fr\/produit\/choclo-surgeles-sandino\/","title":{"rendered":"CHOCLO SURGEL\u00c9S SANDINO"},"content":{"rendered":"<p>Ma\u00efs d\u00e9cortiqu\u00e9 ou ma\u00efs-grain Sandino surgel\u00e9. Produit du P\u00e9rou.<\/p>\n","protected":false},"excerpt":{"rendered":"<p>Ma\u00efs d\u00e9cortiqu\u00e9 ou ma\u00efs-grain Sandino surgel\u00e9. Produit du P\u00e9rou.<\/p>\n","protected":false},"featured_media":168889,"comment_status":"open","ping_status":"closed","template":"","meta":[],"product_cat":[8460,8613],"product_tag":[],"_links":{"self":[{"href":"https:\/\/www.laperlavalles.cat\/fr\/wp-json\/wp\/v2\/product\/82410"}],"collection":[{"href":"https:\/\/www.laperlavalles.cat\/fr\/wp-json\/wp\/v2\/product"}],"about":[{"href":"https:\/\/www.laperlavalles.cat\/fr\/wp-json\/wp\/v2\/types\/product"}],"replies":[{"embeddable":true,"href":"https:\/\/www.laperlavalles.cat\/fr\/wp-json\/wp\/v2\/comments?post=82410"}],"wp:featuredmedia":[{"embeddable":true,"href":"https:\/\/www.laperlavalles.cat\/fr\/wp-json\/wp\/v2\/media\/168889"}],"wp:attachment":[{"href":"https:\/\/www.laperlavalles.cat\/fr\/wp-json\/wp\/v2\/media?parent=82410"}],"wp:term":[{"taxonomy":"product_cat","embeddable":true,"href":"https:\/\/www.laperlavalles.cat\/fr\/wp-json\/wp\/v2\/product_cat?post=82410"},{"taxonomy":"product_tag","embeddable":true,"href":"https:\/\/www.laperlavalles.cat\/fr\/wp-json\/wp\/v2\/product_tag?post=82410"}],"curies":[{"name":"wp","href":"https:\/\/api.w.org\/{rel}","templated":true}]}}