{"id":82510,"date":"2021-07-13T01:44:56","date_gmt":"2021-07-12T23:45:11","guid":{"rendered":"https:\/\/www.laperlavalles2.bcntic.com\/product\/ndole-bitter-leaves-surgelees\/"},"modified":"2025-04-09T12:52:05","modified_gmt":"2025-04-09T10:52:05","slug":"ndole-bitter-leaves-surgelees","status":"publish","type":"product","link":"https:\/\/www.laperlavalles.cat\/fr\/produit\/ndole-bitter-leaves-surgelees\/","title":{"rendered":"NDOLE\/BITTER LEAVES SURGEL\u00c9ES"},"content":{"rendered":"<p>Ndol\u00e9: \u00e9pinards amers sugel\u00e9es.<\/p>\n","protected":false},"excerpt":{"rendered":"<p>Ndol\u00e9: \u00e9pinards amers sugel\u00e9es.<\/p>\n","protected":false},"featured_media":169623,"comment_status":"open","ping_status":"closed","template":"","meta":[],"product_cat":[8460,8613],"product_tag":[],"_links":{"self":[{"href":"https:\/\/www.laperlavalles.cat\/fr\/wp-json\/wp\/v2\/product\/82510"}],"collection":[{"href":"https:\/\/www.laperlavalles.cat\/fr\/wp-json\/wp\/v2\/product"}],"about":[{"href":"https:\/\/www.laperlavalles.cat\/fr\/wp-json\/wp\/v2\/types\/product"}],"replies":[{"embeddable":true,"href":"https:\/\/www.laperlavalles.cat\/fr\/wp-json\/wp\/v2\/comments?post=82510"}],"wp:featuredmedia":[{"embeddable":true,"href":"https:\/\/www.laperlavalles.cat\/fr\/wp-json\/wp\/v2\/media\/169623"}],"wp:attachment":[{"href":"https:\/\/www.laperlavalles.cat\/fr\/wp-json\/wp\/v2\/media?parent=82510"}],"wp:term":[{"taxonomy":"product_cat","embeddable":true,"href":"https:\/\/www.laperlavalles.cat\/fr\/wp-json\/wp\/v2\/product_cat?post=82510"},{"taxonomy":"product_tag","embeddable":true,"href":"https:\/\/www.laperlavalles.cat\/fr\/wp-json\/wp\/v2\/product_tag?post=82510"}],"curies":[{"name":"wp","href":"https:\/\/api.w.org\/{rel}","templated":true}]}}