{"id":82730,"date":"2021-07-13T01:47:59","date_gmt":"2021-07-12T23:48:07","guid":{"rendered":"https:\/\/www.laperlavalles2.bcntic.com\/product\/cocoyam-fufu-flour-golden-tropics-2\/"},"modified":"2022-06-24T13:38:54","modified_gmt":"2022-06-24T11:38:54","slug":"cocoyam-fufu-flour-golden-tropics-2","status":"publish","type":"product","link":"https:\/\/www.laperlavalles.cat\/fr\/produit\/cocoyam-fufu-flour-golden-tropics-2\/","title":{"rendered":"COCOYAM FUFU FLOUR GOLDEN TROPICS"},"content":{"rendered":"<p>La farine de cocoyam est une farine largement consomm\u00e9e par la communaut\u00e9 africaine. La Perla, nous nous sp\u00e9cialisons dans la distribution de nourriture ethnique et de nourriture mondiale.<\/p>\n","protected":false},"excerpt":{"rendered":"<p>La farine de cocoyam est une farine largement consomm\u00e9e par la communaut\u00e9 africaine. La Perla, nous nous sp\u00e9cialisons dans la distribution de nourriture ethnique et de<span class=\"excerpt-hellip\"> [\u2026]<\/span><\/p>\n","protected":false},"featured_media":119528,"comment_status":"open","ping_status":"closed","template":"","meta":[],"product_cat":[10616],"product_tag":[],"_links":{"self":[{"href":"https:\/\/www.laperlavalles.cat\/fr\/wp-json\/wp\/v2\/product\/82730"}],"collection":[{"href":"https:\/\/www.laperlavalles.cat\/fr\/wp-json\/wp\/v2\/product"}],"about":[{"href":"https:\/\/www.laperlavalles.cat\/fr\/wp-json\/wp\/v2\/types\/product"}],"replies":[{"embeddable":true,"href":"https:\/\/www.laperlavalles.cat\/fr\/wp-json\/wp\/v2\/comments?post=82730"}],"wp:featuredmedia":[{"embeddable":true,"href":"https:\/\/www.laperlavalles.cat\/fr\/wp-json\/wp\/v2\/media\/119528"}],"wp:attachment":[{"href":"https:\/\/www.laperlavalles.cat\/fr\/wp-json\/wp\/v2\/media?parent=82730"}],"wp:term":[{"taxonomy":"product_cat","embeddable":true,"href":"https:\/\/www.laperlavalles.cat\/fr\/wp-json\/wp\/v2\/product_cat?post=82730"},{"taxonomy":"product_tag","embeddable":true,"href":"https:\/\/www.laperlavalles.cat\/fr\/wp-json\/wp\/v2\/product_tag?post=82730"}],"curies":[{"name":"wp","href":"https:\/\/api.w.org\/{rel}","templated":true}]}}