{"id":82813,"date":"2021-08-23T07:37:51","date_gmt":"2021-08-23T05:38:03","guid":{"rendered":"https:\/\/www.laperlavalles2.bcntic.com\/product\/gold-kili-honey-ginger-lemon-drink-20u-2\/"},"modified":"2023-07-03T11:55:20","modified_gmt":"2023-07-03T09:55:20","slug":"gold-kili-honey-ginger-lemon-drink-20u-2","status":"publish","type":"product","link":"https:\/\/www.laperlavalles.cat\/fr\/produit\/gold-kili-honey-ginger-lemon-drink-20u-2\/","title":{"rendered":"GOLD KILI HONEY, GINGER, LEMON DRINK 20U"},"content":{"rendered":"<p>Boisson instantan\u00e9e au miel, gingembre et citron Gold Kili. La marque Gold Kili est une marque prestigieuse de boissons instantan\u00e9es \u00e0 Singapour.<\/p>\n","protected":false},"excerpt":{"rendered":"<p>Boisson instantan\u00e9e au miel, gingembre et citron Gold Kili. La marque Gold Kili est une marque prestigieuse de boissons instantan\u00e9es \u00e0 Singapour.<\/p>\n","protected":false},"featured_media":177319,"comment_status":"open","ping_status":"closed","template":"","meta":[],"product_cat":[8600,8446],"product_tag":[],"_links":{"self":[{"href":"https:\/\/www.laperlavalles.cat\/fr\/wp-json\/wp\/v2\/product\/82813"}],"collection":[{"href":"https:\/\/www.laperlavalles.cat\/fr\/wp-json\/wp\/v2\/product"}],"about":[{"href":"https:\/\/www.laperlavalles.cat\/fr\/wp-json\/wp\/v2\/types\/product"}],"replies":[{"embeddable":true,"href":"https:\/\/www.laperlavalles.cat\/fr\/wp-json\/wp\/v2\/comments?post=82813"}],"wp:featuredmedia":[{"embeddable":true,"href":"https:\/\/www.laperlavalles.cat\/fr\/wp-json\/wp\/v2\/media\/177319"}],"wp:attachment":[{"href":"https:\/\/www.laperlavalles.cat\/fr\/wp-json\/wp\/v2\/media?parent=82813"}],"wp:term":[{"taxonomy":"product_cat","embeddable":true,"href":"https:\/\/www.laperlavalles.cat\/fr\/wp-json\/wp\/v2\/product_cat?post=82813"},{"taxonomy":"product_tag","embeddable":true,"href":"https:\/\/www.laperlavalles.cat\/fr\/wp-json\/wp\/v2\/product_tag?post=82813"}],"curies":[{"name":"wp","href":"https:\/\/api.w.org\/{rel}","templated":true}]}}