{"id":83113,"date":"2021-08-23T07:42:58","date_gmt":"2021-08-23T05:43:12","guid":{"rendered":"https:\/\/www.laperlavalles2.bcntic.com\/product\/koh-kae-nori-wasabi-peanuts-230gr-2\/"},"modified":"2023-06-23T13:40:20","modified_gmt":"2023-06-23T11:40:20","slug":"koh-kae-nori-wasabi-peanuts-230gr-2","status":"publish","type":"product","link":"https:\/\/www.laperlavalles.cat\/fr\/produit\/koh-kae-nori-wasabi-peanuts-230gr-2\/","title":{"rendered":"KOH-KAE NORI WASABI PEANUTS 230GR"},"content":{"rendered":"<p>Snack aux cacahu\u00e8tes enrob\u00e9 de wasabi et d&rsquo;algues nori Koh-Kae. Les produits Koh-Kae sont d&rsquo;origine tha\u00eflandaise.<\/p>\n","protected":false},"excerpt":{"rendered":"<p>Snack aux cacahu\u00e8tes enrob\u00e9 de wasabi et d&rsquo;algues nori Koh-Kae. Les produits Koh-Kae sont d&rsquo;origine tha\u00eflandaise.<\/p>\n","protected":false},"featured_media":172327,"comment_status":"open","ping_status":"closed","template":"","meta":[],"product_cat":[10613,8587],"product_tag":[],"_links":{"self":[{"href":"https:\/\/www.laperlavalles.cat\/fr\/wp-json\/wp\/v2\/product\/83113"}],"collection":[{"href":"https:\/\/www.laperlavalles.cat\/fr\/wp-json\/wp\/v2\/product"}],"about":[{"href":"https:\/\/www.laperlavalles.cat\/fr\/wp-json\/wp\/v2\/types\/product"}],"replies":[{"embeddable":true,"href":"https:\/\/www.laperlavalles.cat\/fr\/wp-json\/wp\/v2\/comments?post=83113"}],"wp:featuredmedia":[{"embeddable":true,"href":"https:\/\/www.laperlavalles.cat\/fr\/wp-json\/wp\/v2\/media\/172327"}],"wp:attachment":[{"href":"https:\/\/www.laperlavalles.cat\/fr\/wp-json\/wp\/v2\/media?parent=83113"}],"wp:term":[{"taxonomy":"product_cat","embeddable":true,"href":"https:\/\/www.laperlavalles.cat\/fr\/wp-json\/wp\/v2\/product_cat?post=83113"},{"taxonomy":"product_tag","embeddable":true,"href":"https:\/\/www.laperlavalles.cat\/fr\/wp-json\/wp\/v2\/product_tag?post=83113"}],"curies":[{"name":"wp","href":"https:\/\/api.w.org\/{rel}","templated":true}]}}