{"id":83133,"date":"2021-08-23T07:43:18","date_gmt":"2021-08-23T05:43:30","guid":{"rendered":"https:\/\/www.laperlavalles2.bcntic.com\/product\/koh-kae-coconut-cream-peanuts-230gr-2\/"},"modified":"2024-06-10T16:29:19","modified_gmt":"2024-06-10T14:29:19","slug":"koh-kae-coconut-cream-peanuts-230gr-2","status":"publish","type":"product","link":"https:\/\/www.laperlavalles.cat\/fr\/produit\/koh-kae-coconut-cream-peanuts-230gr-2\/","title":{"rendered":"KOH-KAE COCONUT CREAM PEANUTS 230GR"},"content":{"rendered":"<p>Snack d&rsquo;arachide \u00e0 saveur de cr\u00e8me de noix de coco Koh-Kae. Les produits Koh-Kae sont d&rsquo;origine tha\u00eflandaise. La Perla est le distributeur officiel de la marque Koh-Kae.<\/p>\n","protected":false},"excerpt":{"rendered":"<p>Snack d&rsquo;arachide \u00e0 saveur de cr\u00e8me de noix de coco Koh-Kae. Les produits Koh-Kae sont d&rsquo;origine tha\u00eflandaise. La Perla est le distributeur officiel de la marque<span class=\"excerpt-hellip\"> [\u2026]<\/span><\/p>\n","protected":false},"featured_media":172343,"comment_status":"open","ping_status":"closed","template":"","meta":[],"product_cat":[10616],"product_tag":[],"_links":{"self":[{"href":"https:\/\/www.laperlavalles.cat\/fr\/wp-json\/wp\/v2\/product\/83133"}],"collection":[{"href":"https:\/\/www.laperlavalles.cat\/fr\/wp-json\/wp\/v2\/product"}],"about":[{"href":"https:\/\/www.laperlavalles.cat\/fr\/wp-json\/wp\/v2\/types\/product"}],"replies":[{"embeddable":true,"href":"https:\/\/www.laperlavalles.cat\/fr\/wp-json\/wp\/v2\/comments?post=83133"}],"wp:featuredmedia":[{"embeddable":true,"href":"https:\/\/www.laperlavalles.cat\/fr\/wp-json\/wp\/v2\/media\/172343"}],"wp:attachment":[{"href":"https:\/\/www.laperlavalles.cat\/fr\/wp-json\/wp\/v2\/media?parent=83133"}],"wp:term":[{"taxonomy":"product_cat","embeddable":true,"href":"https:\/\/www.laperlavalles.cat\/fr\/wp-json\/wp\/v2\/product_cat?post=83133"},{"taxonomy":"product_tag","embeddable":true,"href":"https:\/\/www.laperlavalles.cat\/fr\/wp-json\/wp\/v2\/product_tag?post=83133"}],"curies":[{"name":"wp","href":"https:\/\/api.w.org\/{rel}","templated":true}]}}