{"id":83193,"date":"2021-08-23T07:44:18","date_gmt":"2021-08-23T05:44:30","guid":{"rendered":"https:\/\/www.laperlavalles2.bcntic.com\/product\/cacacuet-grille-sale-momi-600g\/"},"modified":"2025-09-26T11:21:16","modified_gmt":"2025-09-26T09:21:16","slug":"cacacuet-grille-sale-momi-600g","status":"publish","type":"product","link":"https:\/\/www.laperlavalles.cat\/fr\/produit\/cacacuet-grille-sale-momi-600g\/","title":{"rendered":"CACACUET GRILL\u00c9 SAL\u00c9 NAYAMA 650G"},"content":{"rendered":"<p>Cacauet grill\u00e9 sal\u00e9.<\/p>\n","protected":false},"excerpt":{"rendered":"<p>Cacauet grill\u00e9 sal\u00e9.<\/p>\n","protected":false},"featured_media":172265,"comment_status":"open","ping_status":"closed","template":"","meta":[],"product_cat":[10613,8587],"product_tag":[],"_links":{"self":[{"href":"https:\/\/www.laperlavalles.cat\/fr\/wp-json\/wp\/v2\/product\/83193"}],"collection":[{"href":"https:\/\/www.laperlavalles.cat\/fr\/wp-json\/wp\/v2\/product"}],"about":[{"href":"https:\/\/www.laperlavalles.cat\/fr\/wp-json\/wp\/v2\/types\/product"}],"replies":[{"embeddable":true,"href":"https:\/\/www.laperlavalles.cat\/fr\/wp-json\/wp\/v2\/comments?post=83193"}],"wp:featuredmedia":[{"embeddable":true,"href":"https:\/\/www.laperlavalles.cat\/fr\/wp-json\/wp\/v2\/media\/172265"}],"wp:attachment":[{"href":"https:\/\/www.laperlavalles.cat\/fr\/wp-json\/wp\/v2\/media?parent=83193"}],"wp:term":[{"taxonomy":"product_cat","embeddable":true,"href":"https:\/\/www.laperlavalles.cat\/fr\/wp-json\/wp\/v2\/product_cat?post=83193"},{"taxonomy":"product_tag","embeddable":true,"href":"https:\/\/www.laperlavalles.cat\/fr\/wp-json\/wp\/v2\/product_tag?post=83193"}],"curies":[{"name":"wp","href":"https:\/\/api.w.org\/{rel}","templated":true}]}}